{"id":16390,"date":"2025-06-27T07:22:25","date_gmt":"2025-06-27T07:22:25","guid":{"rendered":"https:\/\/seegman.com\/our-team\/jose-felix-portal\/"},"modified":"2026-02-27T09:56:19","modified_gmt":"2026-02-27T09:56:19","slug":"jose-felix-portal","status":"publish","type":"page","link":"https:\/\/seegman.com\/en\/our-team\/jose-felix-portal\/","title":{"rendered":"Jos\u00e9 F\u00e9lix Portal"},"content":{"rendered":"\t\t<div data-elementor-type=\"wp-page\" data-elementor-id=\"16390\" class=\"elementor elementor-16390 elementor-16375\" data-elementor-post-type=\"page\">\n\t\t\t\t\t\t<section class=\"elementor-section elementor-top-section elementor-element elementor-element-504933d1 elementor-section-height-min-height elementor-section-stretched elementor-section-content-middle elementor-section-boxed elementor-section-height-default elementor-section-items-middle\" data-id=\"504933d1\" data-element_type=\"section\" data-e-type=\"section\" data-settings=\"{&quot;background_background&quot;:&quot;classic&quot;,&quot;stretch_section&quot;:&quot;section-stretched&quot;}\">\n\t\t\t\t\t\t\t<div class=\"elementor-background-overlay\"><\/div>\n\t\t\t\t\t\t\t<div class=\"elementor-container elementor-column-gap-default\">\n\t\t\t\t\t<div class=\"elementor-column elementor-col-100 elementor-top-column elementor-element elementor-element-741f332a\" data-id=\"741f332a\" data-element_type=\"column\" data-e-type=\"column\" data-settings=\"{&quot;background_background&quot;:&quot;classic&quot;}\">\n\t\t\t<div class=\"elementor-widget-wrap\">\n\t\t\t\t\t<div class=\"elementor-background-overlay\"><\/div>\n\t\t\t\t\t\t\t<\/div>\n\t\t<\/div>\n\t\t\t\t\t<\/div>\n\t\t<\/section>\n\t\t\t\t<section class=\"elementor-section elementor-top-section elementor-element elementor-element-661d7da elementor-section-content-top elementor-section-stretched elementor-section-boxed elementor-section-height-default elementor-section-height-default\" data-id=\"661d7da\" data-element_type=\"section\" data-e-type=\"section\" data-settings=\"{&quot;background_background&quot;:&quot;classic&quot;,&quot;stretch_section&quot;:&quot;section-stretched&quot;}\">\n\t\t\t\t\t\t\t<div class=\"elementor-background-overlay\"><\/div>\n\t\t\t\t\t\t\t<div class=\"elementor-container elementor-column-gap-default\">\n\t\t\t\t\t<div class=\"elementor-column elementor-col-50 elementor-top-column elementor-element elementor-element-bd49d02\" data-id=\"bd49d02\" data-element_type=\"column\" data-e-type=\"column\">\n\t\t\t<div class=\"elementor-widget-wrap elementor-element-populated\">\n\t\t\t\t\t\t<div class=\"elementor-element elementor-element-cd896cb elementor-widget elementor-widget-image\" data-id=\"cd896cb\" data-element_type=\"widget\" data-e-type=\"widget\" data-widget_type=\"image.default\">\n\t\t\t\t<div class=\"elementor-widget-container\">\n\t\t\t\t\t\t\t\t\t\t\t\t\t\t\t<img fetchpriority=\"high\" decoding=\"async\" width=\"1100\" height=\"650\" src=\"https:\/\/seegman.com\/wp-content\/uploads\/2025\/06\/jose_felix_int_.jpg\" class=\"attachment-full size-full wp-image-16380\" alt=\"\" srcset=\"https:\/\/seegman.com\/wp-content\/uploads\/2025\/06\/jose_felix_int_.jpg 1100w, https:\/\/seegman.com\/wp-content\/uploads\/2025\/06\/jose_felix_int_-300x177.jpg 300w, https:\/\/seegman.com\/wp-content\/uploads\/2025\/06\/jose_felix_int_-1024x605.jpg 1024w, https:\/\/seegman.com\/wp-content\/uploads\/2025\/06\/jose_felix_int_-768x454.jpg 768w\" sizes=\"(max-width: 1100px) 100vw, 1100px\" \/>\t\t\t\t\t\t\t\t\t\t\t\t\t\t\t<\/div>\n\t\t\t\t<\/div>\n\t\t\t\t\t<\/div>\n\t\t<\/div>\n\t\t\t\t<div class=\"elementor-column elementor-col-50 elementor-top-column elementor-element elementor-element-eed4367\" data-id=\"eed4367\" data-element_type=\"column\" data-e-type=\"column\">\n\t\t\t<div class=\"elementor-widget-wrap elementor-element-populated\">\n\t\t\t\t\t\t<div class=\"elementor-element elementor-element-8833d72 elementor-widget elementor-widget-heading\" data-id=\"8833d72\" data-element_type=\"widget\" data-e-type=\"widget\" data-widget_type=\"heading.default\">\n\t\t\t\t<div class=\"elementor-widget-container\">\n\t\t\t\t\t<h2 class=\"elementor-heading-title elementor-size-default\">Jos\u00e9 F\u00e9lix Portal<\/h2>\t\t\t\t<\/div>\n\t\t\t\t<\/div>\n\t\t\t\t<div class=\"elementor-element elementor-element-112150e elementor-widget elementor-widget-heading\" data-id=\"112150e\" data-element_type=\"widget\" data-e-type=\"widget\" data-widget_type=\"heading.default\">\n\t\t\t\t<div class=\"elementor-widget-container\">\n\t\t\t\t\t<h6 class=\"elementor-heading-title elementor-size-default\">Accounting and Tax Compliance<\/h6>\t\t\t\t<\/div>\n\t\t\t\t<\/div>\n\t\t\t\t\t<\/div>\n\t\t<\/div>\n\t\t\t\t\t<\/div>\n\t\t<\/section>\n\t\t\t\t<section class=\"elementor-section elementor-top-section elementor-element elementor-element-19adfb1c elementor-section-content-middle elementor-section-stretched elementor-section-boxed elementor-section-height-default elementor-section-height-default\" data-id=\"19adfb1c\" data-element_type=\"section\" data-e-type=\"section\" data-settings=\"{&quot;stretch_section&quot;:&quot;section-stretched&quot;}\">\n\t\t\t\t\t\t<div class=\"elementor-container elementor-column-gap-no\">\n\t\t\t\t\t<div class=\"elementor-column elementor-col-50 elementor-top-column elementor-element elementor-element-4f3e6c9e\" data-id=\"4f3e6c9e\" data-element_type=\"column\" data-e-type=\"column\">\n\t\t\t<div class=\"elementor-widget-wrap elementor-element-populated\">\n\t\t\t\t\t\t<div class=\"elementor-element elementor-element-616ecdbc elementor-widget elementor-widget-text-editor\" data-id=\"616ecdbc\" data-element_type=\"widget\" data-e-type=\"widget\" data-widget_type=\"text-editor.default\">\n\t\t\t\t<div class=\"elementor-widget-container\">\n\t\t\t\t\t\t\t\t\t<p>Profile<\/p>\n\t\t\t\t\t\t\t\t<\/div>\n\t\t\t\t<\/div>\n\t\t\t\t<div class=\"elementor-element elementor-element-8c8634d elementor-widget-divider--view-line elementor-widget elementor-widget-divider\" data-id=\"8c8634d\" data-element_type=\"widget\" data-e-type=\"widget\" data-widget_type=\"divider.default\">\n\t\t\t\t<div class=\"elementor-widget-container\">\n\t\t\t\t\t\t\t<div class=\"elementor-divider\">\n\t\t\t<span class=\"elementor-divider-separator\">\n\t\t\t\t\t\t<\/span>\n\t\t<\/div>\n\t\t\t\t\t\t<\/div>\n\t\t\t\t<\/div>\n\t\t\t\t<div class=\"elementor-element elementor-element-6e6e8fb elementor-widget elementor-widget-text-editor\" data-id=\"6e6e8fb\" data-element_type=\"widget\" data-e-type=\"widget\" data-widget_type=\"text-editor.default\">\n\t\t\t\t<div class=\"elementor-widget-container\">\n\t\t\t\t\t\t\t\t\t<p class=\"p1\"><span class=\"s1\">Jos\u00e9 F\u00e9lix is part of Seegman\u2019s tax and accounting team, where he is responsible for the comprehensive management of the firm\u2019s corporate entities and ensuring their accounting and tax compliance. He supports both national and international clients with financial accounting, reporting, and the filing of tax returns.<\/span><\/p>\n<p><\/p>\n<p class=\"p1\"><span class=\"s1\">He has a strong background in accounting, financial control, and tax compliance, having worked at top-tier firms where he led teams and coordinated financial closings, reporting, and regulatory filings with the Spanish Tax Agency (AEAT) and the Bank of Spain.<\/span><\/p>\n\t\t\t\t\t\t\t\t<\/div>\n\t\t\t\t<\/div>\n\t\t\t\t\t<\/div>\n\t\t<\/div>\n\t\t\t\t<div class=\"elementor-column elementor-col-50 elementor-top-column elementor-element elementor-element-2aac6645\" data-id=\"2aac6645\" data-element_type=\"column\" data-e-type=\"column\" data-settings=\"{&quot;background_background&quot;:&quot;classic&quot;}\">\n\t\t\t<div class=\"elementor-widget-wrap elementor-element-populated\">\n\t\t\t\t\t\t<div class=\"elementor-element elementor-element-93c211a elementor-widget elementor-widget-text-editor\" data-id=\"93c211a\" data-element_type=\"widget\" data-e-type=\"widget\" data-widget_type=\"text-editor.default\">\n\t\t\t\t<div class=\"elementor-widget-container\">\n\t\t\t\t\t\t\t\t\t<p>EDUCATION<\/p>\n\t\t\t\t\t\t\t\t<\/div>\n\t\t\t\t<\/div>\n\t\t\t\t<div class=\"elementor-element elementor-element-6f8763c4 elementor-widget-divider--view-line elementor-widget elementor-widget-divider\" data-id=\"6f8763c4\" data-element_type=\"widget\" data-e-type=\"widget\" data-widget_type=\"divider.default\">\n\t\t\t\t<div class=\"elementor-widget-container\">\n\t\t\t\t\t\t\t<div class=\"elementor-divider\">\n\t\t\t<span class=\"elementor-divider-separator\">\n\t\t\t\t\t\t<\/span>\n\t\t<\/div>\n\t\t\t\t\t\t<\/div>\n\t\t\t\t<\/div>\n\t\t\t\t<div class=\"elementor-element elementor-element-0ca741c elementor-widget elementor-widget-text-editor\" data-id=\"0ca741c\" data-element_type=\"widget\" data-e-type=\"widget\" data-widget_type=\"text-editor.default\">\n\t\t\t\t<div class=\"elementor-widget-container\">\n\t\t\t\t\t\t\t\t\t<p class=\"p1\"><span class=\"s1\">Bachelor\u2019s Degree in Business Administration from Universidad Carlos III de Madrid.\u00a0\u00a0<\/span><\/p>\n\t\t\t\t\t\t\t\t<\/div>\n\t\t\t\t<\/div>\n\t\t\t\t<div class=\"elementor-element elementor-element-c603bb3 elementor-widget elementor-widget-text-editor\" data-id=\"c603bb3\" data-element_type=\"widget\" data-e-type=\"widget\" data-widget_type=\"text-editor.default\">\n\t\t\t\t<div class=\"elementor-widget-container\">\n\t\t\t\t\t\t\t\t\tCONTACT\t\t\t\t\t\t\t\t<\/div>\n\t\t\t\t<\/div>\n\t\t\t\t<div class=\"elementor-element elementor-element-99d035e elementor-widget-divider--view-line elementor-widget elementor-widget-divider\" data-id=\"99d035e\" data-element_type=\"widget\" data-e-type=\"widget\" data-widget_type=\"divider.default\">\n\t\t\t\t<div class=\"elementor-widget-container\">\n\t\t\t\t\t\t\t<div class=\"elementor-divider\">\n\t\t\t<span class=\"elementor-divider-separator\">\n\t\t\t\t\t\t<\/span>\n\t\t<\/div>\n\t\t\t\t\t\t<\/div>\n\t\t\t\t<\/div>\n\t\t\t\t<div class=\"elementor-element elementor-element-46d0c72e elementor-widget elementor-widget-text-editor\" data-id=\"46d0c72e\" data-element_type=\"widget\" data-e-type=\"widget\" data-widget_type=\"text-editor.default\">\n\t\t\t\t<div class=\"elementor-widget-container\">\n\t\t\t\t\t\t\t\t\t<p class=\"p1\"><strong><span class=\"s1\">\u00a0<a href=\"mailto:jfportal@seegman.com\"><span class=\"s2\">jfportal@seegman.com<\/span><\/a><\/span><\/strong><\/p>\n\t\t\t\t\t\t\t\t<\/div>\n\t\t\t\t<\/div>\n\t\t\t\t<div class=\"elementor-element elementor-element-7cdd5e3 elementor-widget elementor-widget-text-editor\" data-id=\"7cdd5e3\" data-element_type=\"widget\" data-e-type=\"widget\" data-widget_type=\"text-editor.default\">\n\t\t\t\t<div class=\"elementor-widget-container\">\n\t\t\t\t\t\t\t\t\t<p>+34 91 080 09 29<\/p>\n<p>Paseo de la Castellana 53, 1\u00aa planta\u00a0 \u00a0 \u00a0 <span style=\"letter-spacing: 0.9px;\">28046. Madrid<\/span><\/p>\n\t\t\t\t\t\t\t\t<\/div>\n\t\t\t\t<\/div>\n\t\t\t\t<div class=\"elementor-element elementor-element-30d99ea elementor-icon-list--layout-traditional elementor-list-item-link-full_width elementor-widget elementor-widget-icon-list\" data-id=\"30d99ea\" data-element_type=\"widget\" data-e-type=\"widget\" data-widget_type=\"icon-list.default\">\n\t\t\t\t<div class=\"elementor-widget-container\">\n\t\t\t\t\t\t\t<ul class=\"elementor-icon-list-items\">\n\t\t\t\t\t\t\t<li class=\"elementor-icon-list-item\">\n\t\t\t\t\t\t\t\t\t\t\t<a href=\"https:\/\/www.linkedin.com\/in\/jose-felix-portal-rosa\/\" target=\"_blank\">\n\n\t\t\t\t\t\t\t\t\t\t\t\t<span class=\"elementor-icon-list-icon\">\n\t\t\t\t\t\t\t<i aria-hidden=\"true\" class=\"fab fa-linkedin-in\"><\/i>\t\t\t\t\t\t<\/span>\n\t\t\t\t\t\t\t\t\t\t<span class=\"elementor-icon-list-text\"><\/span>\n\t\t\t\t\t\t\t\t\t\t\t<\/a>\n\t\t\t\t\t\t\t\t\t<\/li>\n\t\t\t\t\t\t<\/ul>\n\t\t\t\t\t\t<\/div>\n\t\t\t\t<\/div>\n\t\t\t\t\t<\/div>\n\t\t<\/div>\n\t\t\t\t\t<\/div>\n\t\t<\/section>\n\t\t\t\t<section class=\"elementor-section elementor-top-section elementor-element elementor-element-7dd0f30a elementor-section-content-middle elementor-section-stretched elementor-section-boxed elementor-section-height-default elementor-section-height-default\" data-id=\"7dd0f30a\" data-element_type=\"section\" data-e-type=\"section\" data-settings=\"{&quot;background_background&quot;:&quot;classic&quot;,&quot;stretch_section&quot;:&quot;section-stretched&quot;}\">\n\t\t\t\t\t\t\t<div class=\"elementor-background-overlay\"><\/div>\n\t\t\t\t\t\t\t<div class=\"elementor-container elementor-column-gap-no\">\n\t\t\t\t\t<div class=\"elementor-column elementor-col-100 elementor-top-column elementor-element elementor-element-70763df3\" data-id=\"70763df3\" data-element_type=\"column\" data-e-type=\"column\" data-settings=\"{&quot;background_background&quot;:&quot;classic&quot;}\">\n\t\t\t<div class=\"elementor-widget-wrap elementor-element-populated\">\n\t\t\t\t\t\t<div class=\"elementor-element elementor-element-7d9a5d3a elementor-align-center elementor-widget elementor-widget-button\" data-id=\"7d9a5d3a\" data-element_type=\"widget\" data-e-type=\"widget\" data-widget_type=\"button.default\">\n\t\t\t\t<div class=\"elementor-widget-container\">\n\t\t\t\t\t\t\t\t\t<div class=\"elementor-button-wrapper\">\n\t\t\t\t\t<a class=\"elementor-button elementor-button-link elementor-size-sm\" href=\"https:\/\/seegman.com\/en\/our-team\/\">\n\t\t\t\t\t\t<span class=\"elementor-button-content-wrapper\">\n\t\t\t\t\t\t<span class=\"elementor-button-icon\">\n\t\t\t\t<i aria-hidden=\"true\" class=\"fas fa-angle-left\"><\/i>\t\t\t<\/span>\n\t\t\t\t\t\t\t\t\t<span class=\"elementor-button-text\">OUR TEAM<\/span>\n\t\t\t\t\t<\/span>\n\t\t\t\t\t<\/a>\n\t\t\t\t<\/div>\n\t\t\t\t\t\t\t\t<\/div>\n\t\t\t\t<\/div>\n\t\t\t\t\t<\/div>\n\t\t<\/div>\n\t\t\t\t\t<\/div>\n\t\t<\/section>\n\t\t\t\t<\/div>\n\t\t","protected":false},"excerpt":{"rendered":"<p>Jos\u00e9 F\u00e9lix Portal Accounting and Tax Compliance Profile Jos\u00e9 F\u00e9lix is part of Seegman\u2019s tax and accounting team, where he is responsible for the comprehensive management of the firm\u2019s corporate entities and ensuring their accounting and tax compliance. He supports both national and international clients with financial accounting, reporting, and the filing of tax returns. [&hellip;]<\/p>\n","protected":false},"author":2,"featured_media":0,"parent":2608,"menu_order":10,"comment_status":"closed","ping_status":"closed","template":"elementor_header_footer","meta":{"footnotes":""},"class_list":["post-16390","page","type-page","status-publish","hentry"],"yoast_head":"<!-- This site is optimized with the Yoast SEO plugin v27.4 - https:\/\/yoast.com\/product\/yoast-seo-wordpress\/ -->\n<title>Jos\u00e9 F\u00e9lix Portal<\/title>\n<meta name=\"description\" content=\"Jos\u00e9 F\u00e9lix is part of Seegman\u2019s tax and accounting team, where he is responsible for the comprehensive management of the firm\u2019s corporate entities and ensuring their accounting and tax compliance.\" \/>\n<meta name=\"robots\" content=\"index, follow, max-snippet:-1, max-image-preview:large, max-video-preview:-1\" \/>\n<link rel=\"canonical\" href=\"https:\/\/seegman.com\/en\/our-team\/jose-felix-portal\/\" \/>\n<meta property=\"og:locale\" content=\"en_US\" \/>\n<meta property=\"og:type\" content=\"article\" \/>\n<meta property=\"og:title\" content=\"Jos\u00e9 F\u00e9lix Portal\" \/>\n<meta property=\"og:description\" content=\"Jos\u00e9 F\u00e9lix is part of Seegman\u2019s tax and accounting team, where he is responsible for the comprehensive management of the firm\u2019s corporate entities and ensuring their accounting and tax compliance.\" \/>\n<meta property=\"og:url\" content=\"https:\/\/seegman.com\/en\/our-team\/jose-felix-portal\/\" \/>\n<meta property=\"og:site_name\" content=\"Seegman\" \/>\n<meta property=\"article:modified_time\" content=\"2026-02-27T09:56:19+00:00\" \/>\n<meta property=\"og:image\" content=\"https:\/\/seegman.com\/wp-content\/uploads\/2025\/06\/jose_felix_int_.jpg\" \/>\n\t<meta property=\"og:image:width\" content=\"1100\" \/>\n\t<meta property=\"og:image:height\" content=\"650\" \/>\n\t<meta property=\"og:image:type\" content=\"image\/jpeg\" \/>\n<meta name=\"twitter:card\" content=\"summary_large_image\" \/>\n<meta name=\"twitter:label1\" content=\"Est. reading time\" \/>\n\t<meta name=\"twitter:data1\" content=\"1 minute\" \/>\n<script type=\"application\/ld+json\" class=\"yoast-schema-graph\">{\"@context\":\"https:\\\/\\\/schema.org\",\"@graph\":[{\"@type\":\"WebPage\",\"@id\":\"https:\\\/\\\/seegman.com\\\/en\\\/our-team\\\/jose-felix-portal\\\/\",\"url\":\"https:\\\/\\\/seegman.com\\\/en\\\/our-team\\\/jose-felix-portal\\\/\",\"name\":\"Jos\u00e9 F\u00e9lix Portal\",\"isPartOf\":{\"@id\":\"https:\\\/\\\/seegman.com\\\/en\\\/#website\"},\"primaryImageOfPage\":{\"@id\":\"https:\\\/\\\/seegman.com\\\/en\\\/our-team\\\/jose-felix-portal\\\/#primaryimage\"},\"image\":{\"@id\":\"https:\\\/\\\/seegman.com\\\/en\\\/our-team\\\/jose-felix-portal\\\/#primaryimage\"},\"thumbnailUrl\":\"https:\\\/\\\/seegman.com\\\/wp-content\\\/uploads\\\/2025\\\/06\\\/jose_felix_int_.jpg\",\"datePublished\":\"2025-06-27T07:22:25+00:00\",\"dateModified\":\"2026-02-27T09:56:19+00:00\",\"description\":\"Jos\u00e9 F\u00e9lix is part of Seegman\u2019s tax and accounting team, where he is responsible for the comprehensive management of the firm\u2019s corporate entities and ensuring their accounting and tax compliance.\",\"breadcrumb\":{\"@id\":\"https:\\\/\\\/seegman.com\\\/en\\\/our-team\\\/jose-felix-portal\\\/#breadcrumb\"},\"inLanguage\":\"en-US\",\"potentialAction\":[{\"@type\":\"ReadAction\",\"target\":[\"https:\\\/\\\/seegman.com\\\/en\\\/our-team\\\/jose-felix-portal\\\/\"]}]},{\"@type\":\"ImageObject\",\"inLanguage\":\"en-US\",\"@id\":\"https:\\\/\\\/seegman.com\\\/en\\\/our-team\\\/jose-felix-portal\\\/#primaryimage\",\"url\":\"https:\\\/\\\/seegman.com\\\/wp-content\\\/uploads\\\/2025\\\/06\\\/jose_felix_int_.jpg\",\"contentUrl\":\"https:\\\/\\\/seegman.com\\\/wp-content\\\/uploads\\\/2025\\\/06\\\/jose_felix_int_.jpg\"},{\"@type\":\"BreadcrumbList\",\"@id\":\"https:\\\/\\\/seegman.com\\\/en\\\/our-team\\\/jose-felix-portal\\\/#breadcrumb\",\"itemListElement\":[{\"@type\":\"ListItem\",\"position\":1,\"name\":\"Home\",\"item\":\"https:\\\/\\\/seegman.com\\\/en\\\/\"},{\"@type\":\"ListItem\",\"position\":2,\"name\":\"TEAM\",\"item\":\"https:\\\/\\\/seegman.com\\\/en\\\/equipo\\\/\"},{\"@type\":\"ListItem\",\"position\":3,\"name\":\"Jos\u00e9 F\u00e9lix Portal\"}]},{\"@type\":\"WebSite\",\"@id\":\"https:\\\/\\\/seegman.com\\\/en\\\/#website\",\"url\":\"https:\\\/\\\/seegman.com\\\/en\\\/\",\"name\":\"Seegman\",\"description\":\"Servicios jur\u00eddicos de calidad para una inversi\u00f3n exigente.\",\"publisher\":{\"@id\":\"https:\\\/\\\/seegman.com\\\/en\\\/#organization\"},\"potentialAction\":[{\"@type\":\"SearchAction\",\"target\":{\"@type\":\"EntryPoint\",\"urlTemplate\":\"https:\\\/\\\/seegman.com\\\/en\\\/?s={search_term_string}\"},\"query-input\":{\"@type\":\"PropertyValueSpecification\",\"valueRequired\":true,\"valueName\":\"search_term_string\"}}],\"inLanguage\":\"en-US\"},{\"@type\":\"Organization\",\"@id\":\"https:\\\/\\\/seegman.com\\\/en\\\/#organization\",\"name\":\"Seegman\",\"url\":\"https:\\\/\\\/seegman.com\\\/en\\\/\",\"logo\":{\"@type\":\"ImageObject\",\"inLanguage\":\"en-US\",\"@id\":\"https:\\\/\\\/seegman.com\\\/en\\\/#\\\/schema\\\/logo\\\/image\\\/\",\"url\":\"https:\\\/\\\/seegman.com\\\/wp-content\\\/uploads\\\/2020\\\/05\\\/logo_seegman_white.png\",\"contentUrl\":\"https:\\\/\\\/seegman.com\\\/wp-content\\\/uploads\\\/2020\\\/05\\\/logo_seegman_white.png\",\"width\":600,\"height\":112,\"caption\":\"Seegman\"},\"image\":{\"@id\":\"https:\\\/\\\/seegman.com\\\/en\\\/#\\\/schema\\\/logo\\\/image\\\/\"}}]}<\/script>\n<!-- \/ Yoast SEO plugin. -->","yoast_head_json":{"title":"Jos\u00e9 F\u00e9lix Portal","description":"Jos\u00e9 F\u00e9lix is part of Seegman\u2019s tax and accounting team, where he is responsible for the comprehensive management of the firm\u2019s corporate entities and ensuring their accounting and tax compliance.","robots":{"index":"index","follow":"follow","max-snippet":"max-snippet:-1","max-image-preview":"max-image-preview:large","max-video-preview":"max-video-preview:-1"},"canonical":"https:\/\/seegman.com\/en\/our-team\/jose-felix-portal\/","og_locale":"en_US","og_type":"article","og_title":"Jos\u00e9 F\u00e9lix Portal","og_description":"Jos\u00e9 F\u00e9lix is part of Seegman\u2019s tax and accounting team, where he is responsible for the comprehensive management of the firm\u2019s corporate entities and ensuring their accounting and tax compliance.","og_url":"https:\/\/seegman.com\/en\/our-team\/jose-felix-portal\/","og_site_name":"Seegman","article_modified_time":"2026-02-27T09:56:19+00:00","og_image":[{"width":1100,"height":650,"url":"https:\/\/seegman.com\/wp-content\/uploads\/2025\/06\/jose_felix_int_.jpg","type":"image\/jpeg"}],"twitter_card":"summary_large_image","twitter_misc":{"Est. reading time":"1 minute"},"schema":{"@context":"https:\/\/schema.org","@graph":[{"@type":"WebPage","@id":"https:\/\/seegman.com\/en\/our-team\/jose-felix-portal\/","url":"https:\/\/seegman.com\/en\/our-team\/jose-felix-portal\/","name":"Jos\u00e9 F\u00e9lix Portal","isPartOf":{"@id":"https:\/\/seegman.com\/en\/#website"},"primaryImageOfPage":{"@id":"https:\/\/seegman.com\/en\/our-team\/jose-felix-portal\/#primaryimage"},"image":{"@id":"https:\/\/seegman.com\/en\/our-team\/jose-felix-portal\/#primaryimage"},"thumbnailUrl":"https:\/\/seegman.com\/wp-content\/uploads\/2025\/06\/jose_felix_int_.jpg","datePublished":"2025-06-27T07:22:25+00:00","dateModified":"2026-02-27T09:56:19+00:00","description":"Jos\u00e9 F\u00e9lix is part of Seegman\u2019s tax and accounting team, where he is responsible for the comprehensive management of the firm\u2019s corporate entities and ensuring their accounting and tax compliance.","breadcrumb":{"@id":"https:\/\/seegman.com\/en\/our-team\/jose-felix-portal\/#breadcrumb"},"inLanguage":"en-US","potentialAction":[{"@type":"ReadAction","target":["https:\/\/seegman.com\/en\/our-team\/jose-felix-portal\/"]}]},{"@type":"ImageObject","inLanguage":"en-US","@id":"https:\/\/seegman.com\/en\/our-team\/jose-felix-portal\/#primaryimage","url":"https:\/\/seegman.com\/wp-content\/uploads\/2025\/06\/jose_felix_int_.jpg","contentUrl":"https:\/\/seegman.com\/wp-content\/uploads\/2025\/06\/jose_felix_int_.jpg"},{"@type":"BreadcrumbList","@id":"https:\/\/seegman.com\/en\/our-team\/jose-felix-portal\/#breadcrumb","itemListElement":[{"@type":"ListItem","position":1,"name":"Home","item":"https:\/\/seegman.com\/en\/"},{"@type":"ListItem","position":2,"name":"TEAM","item":"https:\/\/seegman.com\/en\/equipo\/"},{"@type":"ListItem","position":3,"name":"Jos\u00e9 F\u00e9lix Portal"}]},{"@type":"WebSite","@id":"https:\/\/seegman.com\/en\/#website","url":"https:\/\/seegman.com\/en\/","name":"Seegman","description":"Servicios jur\u00eddicos de calidad para una inversi\u00f3n exigente.","publisher":{"@id":"https:\/\/seegman.com\/en\/#organization"},"potentialAction":[{"@type":"SearchAction","target":{"@type":"EntryPoint","urlTemplate":"https:\/\/seegman.com\/en\/?s={search_term_string}"},"query-input":{"@type":"PropertyValueSpecification","valueRequired":true,"valueName":"search_term_string"}}],"inLanguage":"en-US"},{"@type":"Organization","@id":"https:\/\/seegman.com\/en\/#organization","name":"Seegman","url":"https:\/\/seegman.com\/en\/","logo":{"@type":"ImageObject","inLanguage":"en-US","@id":"https:\/\/seegman.com\/en\/#\/schema\/logo\/image\/","url":"https:\/\/seegman.com\/wp-content\/uploads\/2020\/05\/logo_seegman_white.png","contentUrl":"https:\/\/seegman.com\/wp-content\/uploads\/2020\/05\/logo_seegman_white.png","width":600,"height":112,"caption":"Seegman"},"image":{"@id":"https:\/\/seegman.com\/en\/#\/schema\/logo\/image\/"}}]}},"_links":{"self":[{"href":"https:\/\/seegman.com\/en\/wp-json\/wp\/v2\/pages\/16390","targetHints":{"allow":["GET"]}}],"collection":[{"href":"https:\/\/seegman.com\/en\/wp-json\/wp\/v2\/pages"}],"about":[{"href":"https:\/\/seegman.com\/en\/wp-json\/wp\/v2\/types\/page"}],"author":[{"embeddable":true,"href":"https:\/\/seegman.com\/en\/wp-json\/wp\/v2\/users\/2"}],"replies":[{"embeddable":true,"href":"https:\/\/seegman.com\/en\/wp-json\/wp\/v2\/comments?post=16390"}],"version-history":[{"count":7,"href":"https:\/\/seegman.com\/en\/wp-json\/wp\/v2\/pages\/16390\/revisions"}],"predecessor-version":[{"id":18227,"href":"https:\/\/seegman.com\/en\/wp-json\/wp\/v2\/pages\/16390\/revisions\/18227"}],"up":[{"embeddable":true,"href":"https:\/\/seegman.com\/en\/wp-json\/wp\/v2\/pages\/2608"}],"wp:attachment":[{"href":"https:\/\/seegman.com\/en\/wp-json\/wp\/v2\/media?parent=16390"}],"curies":[{"name":"wp","href":"https:\/\/api.w.org\/{rel}","templated":true}]}}