{"id":16742,"date":"2025-09-08T14:53:26","date_gmt":"2025-09-08T14:53:26","guid":{"rendered":"https:\/\/seegman.com\/our-team\/maria-luisa-paul\/"},"modified":"2026-03-11T12:17:17","modified_gmt":"2026-03-11T12:17:17","slug":"maria-luisa-paul","status":"publish","type":"page","link":"https:\/\/seegman.com\/en\/our-team\/maria-luisa-paul\/","title":{"rendered":"Mar\u00eda Luisa Pa\u00fal"},"content":{"rendered":"\t\t<div data-elementor-type=\"wp-page\" data-elementor-id=\"16742\" class=\"elementor elementor-16742 elementor-16728\" data-elementor-post-type=\"page\">\n\t\t\t\t\t\t<section class=\"elementor-section elementor-top-section elementor-element elementor-element-504933d1 elementor-section-height-min-height elementor-section-stretched elementor-section-content-middle elementor-section-boxed elementor-section-height-default elementor-section-items-middle\" data-id=\"504933d1\" data-element_type=\"section\" data-e-type=\"section\" data-settings=\"{&quot;background_background&quot;:&quot;classic&quot;,&quot;stretch_section&quot;:&quot;section-stretched&quot;}\">\n\t\t\t\t\t\t\t<div class=\"elementor-background-overlay\"><\/div>\n\t\t\t\t\t\t\t<div class=\"elementor-container elementor-column-gap-default\">\n\t\t\t\t\t<div class=\"elementor-column elementor-col-100 elementor-top-column elementor-element elementor-element-741f332a\" data-id=\"741f332a\" data-element_type=\"column\" data-e-type=\"column\" data-settings=\"{&quot;background_background&quot;:&quot;classic&quot;}\">\n\t\t\t<div class=\"elementor-widget-wrap\">\n\t\t\t\t\t<div class=\"elementor-background-overlay\"><\/div>\n\t\t\t\t\t\t\t<\/div>\n\t\t<\/div>\n\t\t\t\t\t<\/div>\n\t\t<\/section>\n\t\t\t\t<section class=\"elementor-section elementor-top-section elementor-element elementor-element-661d7da elementor-section-content-top elementor-section-stretched elementor-section-boxed elementor-section-height-default elementor-section-height-default\" data-id=\"661d7da\" data-element_type=\"section\" data-e-type=\"section\" data-settings=\"{&quot;background_background&quot;:&quot;classic&quot;,&quot;stretch_section&quot;:&quot;section-stretched&quot;}\">\n\t\t\t\t\t\t\t<div class=\"elementor-background-overlay\"><\/div>\n\t\t\t\t\t\t\t<div class=\"elementor-container elementor-column-gap-default\">\n\t\t\t\t\t<div class=\"elementor-column elementor-col-50 elementor-top-column elementor-element elementor-element-bd49d02\" data-id=\"bd49d02\" data-element_type=\"column\" data-e-type=\"column\">\n\t\t\t<div class=\"elementor-widget-wrap elementor-element-populated\">\n\t\t\t\t\t\t<div class=\"elementor-element elementor-element-cd896cb elementor-widget elementor-widget-image\" data-id=\"cd896cb\" data-element_type=\"widget\" data-e-type=\"widget\" data-widget_type=\"image.default\">\n\t\t\t\t<div class=\"elementor-widget-container\">\n\t\t\t\t\t\t\t\t\t\t\t\t\t\t\t<img fetchpriority=\"high\" decoding=\"async\" width=\"1100\" height=\"650\" src=\"https:\/\/seegman.com\/wp-content\/uploads\/2025\/09\/maria_luisa_paul_int.jpg\" class=\"attachment-full size-full wp-image-16732\" alt=\"\" srcset=\"https:\/\/seegman.com\/wp-content\/uploads\/2025\/09\/maria_luisa_paul_int.jpg 1100w, https:\/\/seegman.com\/wp-content\/uploads\/2025\/09\/maria_luisa_paul_int-300x177.jpg 300w, https:\/\/seegman.com\/wp-content\/uploads\/2025\/09\/maria_luisa_paul_int-1024x605.jpg 1024w, https:\/\/seegman.com\/wp-content\/uploads\/2025\/09\/maria_luisa_paul_int-768x454.jpg 768w\" sizes=\"(max-width: 1100px) 100vw, 1100px\" \/>\t\t\t\t\t\t\t\t\t\t\t\t\t\t\t<\/div>\n\t\t\t\t<\/div>\n\t\t\t\t\t<\/div>\n\t\t<\/div>\n\t\t\t\t<div class=\"elementor-column elementor-col-50 elementor-top-column elementor-element elementor-element-eed4367\" data-id=\"eed4367\" data-element_type=\"column\" data-e-type=\"column\">\n\t\t\t<div class=\"elementor-widget-wrap elementor-element-populated\">\n\t\t\t\t\t\t<div class=\"elementor-element elementor-element-8833d72 elementor-widget elementor-widget-heading\" data-id=\"8833d72\" data-element_type=\"widget\" data-e-type=\"widget\" data-widget_type=\"heading.default\">\n\t\t\t\t<div class=\"elementor-widget-container\">\n\t\t\t\t\t<h2 class=\"elementor-heading-title elementor-size-default\">Mar\u00eda Luisa Pa\u00fal<\/h2>\t\t\t\t<\/div>\n\t\t\t\t<\/div>\n\t\t\t\t<div class=\"elementor-element elementor-element-112150e elementor-widget elementor-widget-heading\" data-id=\"112150e\" data-element_type=\"widget\" data-e-type=\"widget\" data-widget_type=\"heading.default\">\n\t\t\t\t<div class=\"elementor-widget-container\">\n\t\t\t\t\t<h6 class=\"elementor-heading-title elementor-size-default\">Innovation and Process Improvement Director<\/h6>\t\t\t\t<\/div>\n\t\t\t\t<\/div>\n\t\t\t\t\t<\/div>\n\t\t<\/div>\n\t\t\t\t\t<\/div>\n\t\t<\/section>\n\t\t\t\t<section class=\"elementor-section elementor-top-section elementor-element elementor-element-19adfb1c elementor-section-content-middle elementor-section-stretched elementor-section-boxed elementor-section-height-default elementor-section-height-default\" data-id=\"19adfb1c\" data-element_type=\"section\" data-e-type=\"section\" data-settings=\"{&quot;stretch_section&quot;:&quot;section-stretched&quot;}\">\n\t\t\t\t\t\t<div class=\"elementor-container elementor-column-gap-no\">\n\t\t\t\t\t<div class=\"elementor-column elementor-col-50 elementor-top-column elementor-element elementor-element-4f3e6c9e\" data-id=\"4f3e6c9e\" data-element_type=\"column\" data-e-type=\"column\">\n\t\t\t<div class=\"elementor-widget-wrap elementor-element-populated\">\n\t\t\t\t\t\t<div class=\"elementor-element elementor-element-616ecdbc elementor-widget elementor-widget-text-editor\" data-id=\"616ecdbc\" data-element_type=\"widget\" data-e-type=\"widget\" data-widget_type=\"text-editor.default\">\n\t\t\t\t<div class=\"elementor-widget-container\">\n\t\t\t\t\t\t\t\t\t<p>Profile<\/p>\n\t\t\t\t\t\t\t\t<\/div>\n\t\t\t\t<\/div>\n\t\t\t\t<div class=\"elementor-element elementor-element-8c8634d elementor-widget-divider--view-line elementor-widget elementor-widget-divider\" data-id=\"8c8634d\" data-element_type=\"widget\" data-e-type=\"widget\" data-widget_type=\"divider.default\">\n\t\t\t\t<div class=\"elementor-widget-container\">\n\t\t\t\t\t\t\t<div class=\"elementor-divider\">\n\t\t\t<span class=\"elementor-divider-separator\">\n\t\t\t\t\t\t<\/span>\n\t\t<\/div>\n\t\t\t\t\t\t<\/div>\n\t\t\t\t<\/div>\n\t\t\t\t<div class=\"elementor-element elementor-element-6e6e8fb elementor-widget elementor-widget-text-editor\" data-id=\"6e6e8fb\" data-element_type=\"widget\" data-e-type=\"widget\" data-widget_type=\"text-editor.default\">\n\t\t\t\t<div class=\"elementor-widget-container\">\n\t\t\t\t\t\t\t\t\t<p style=\"font-weight: 400;\">Mar\u00eda Luisa leads the firm\u2019s digital, technology, and productivity strategy, driving process automation, the adoption of advanced LegalTech tools, and internal transformation initiatives to enhance efficiency and elevate both the team and client experience.<\/p><p style=\"font-weight: 400;\">Her international career as an In-house Counsel, M&amp;A\/Corporate Lawyer, and LegalTech Product Manager gives her a unique perspective on the business challenges clients face. By combining her legal expertise with business insight, she ensures that Seegman delivers practical, technology-enabled solutions aligned with each client\u2019s strategic objectives.<\/p><p>Mar\u00eda Luisa is a member of the bar association of Caracas (Venezuela).<\/p>\t\t\t\t\t\t\t\t<\/div>\n\t\t\t\t<\/div>\n\t\t\t\t\t<\/div>\n\t\t<\/div>\n\t\t\t\t<div class=\"elementor-column elementor-col-50 elementor-top-column elementor-element elementor-element-2aac6645\" data-id=\"2aac6645\" data-element_type=\"column\" data-e-type=\"column\" data-settings=\"{&quot;background_background&quot;:&quot;classic&quot;}\">\n\t\t\t<div class=\"elementor-widget-wrap elementor-element-populated\">\n\t\t\t\t\t\t<div class=\"elementor-element elementor-element-93c211a elementor-widget elementor-widget-text-editor\" data-id=\"93c211a\" data-element_type=\"widget\" data-e-type=\"widget\" data-widget_type=\"text-editor.default\">\n\t\t\t\t<div class=\"elementor-widget-container\">\n\t\t\t\t\t\t\t\t\t<p>EDUCATION<\/p>\n\t\t\t\t\t\t\t\t<\/div>\n\t\t\t\t<\/div>\n\t\t\t\t<div class=\"elementor-element elementor-element-6f8763c4 elementor-widget-divider--view-line elementor-widget elementor-widget-divider\" data-id=\"6f8763c4\" data-element_type=\"widget\" data-e-type=\"widget\" data-widget_type=\"divider.default\">\n\t\t\t\t<div class=\"elementor-widget-container\">\n\t\t\t\t\t\t\t<div class=\"elementor-divider\">\n\t\t\t<span class=\"elementor-divider-separator\">\n\t\t\t\t\t\t<\/span>\n\t\t<\/div>\n\t\t\t\t\t\t<\/div>\n\t\t\t\t<\/div>\n\t\t\t\t<div class=\"elementor-element elementor-element-0ca741c elementor-widget elementor-widget-text-editor\" data-id=\"0ca741c\" data-element_type=\"widget\" data-e-type=\"widget\" data-widget_type=\"text-editor.default\">\n\t\t\t\t<div class=\"elementor-widget-container\">\n\t\t\t\t\t\t\t\t\t<p style=\"font-weight: 400;\">Lawyer from\u00a0Universidad Cat\u00f3lica Andr\u00e9s Bello (Carcacas, Venezuela)<\/p><p style=\"font-weight: 400;\">MBA from the Chicago Booth School of Business<\/p>\t\t\t\t\t\t\t\t<\/div>\n\t\t\t\t<\/div>\n\t\t\t\t<div class=\"elementor-element elementor-element-c603bb3 elementor-widget elementor-widget-text-editor\" data-id=\"c603bb3\" data-element_type=\"widget\" data-e-type=\"widget\" data-widget_type=\"text-editor.default\">\n\t\t\t\t<div class=\"elementor-widget-container\">\n\t\t\t\t\t\t\t\t\tCONTACT\t\t\t\t\t\t\t\t<\/div>\n\t\t\t\t<\/div>\n\t\t\t\t<div class=\"elementor-element elementor-element-99d035e elementor-widget-divider--view-line elementor-widget elementor-widget-divider\" data-id=\"99d035e\" data-element_type=\"widget\" data-e-type=\"widget\" data-widget_type=\"divider.default\">\n\t\t\t\t<div class=\"elementor-widget-container\">\n\t\t\t\t\t\t\t<div class=\"elementor-divider\">\n\t\t\t<span class=\"elementor-divider-separator\">\n\t\t\t\t\t\t<\/span>\n\t\t<\/div>\n\t\t\t\t\t\t<\/div>\n\t\t\t\t<\/div>\n\t\t\t\t<div class=\"elementor-element elementor-element-46d0c72e elementor-widget elementor-widget-text-editor\" data-id=\"46d0c72e\" data-element_type=\"widget\" data-e-type=\"widget\" data-widget_type=\"text-editor.default\">\n\t\t\t\t<div class=\"elementor-widget-container\">\n\t\t\t\t\t\t\t\t\t<p class=\"p1\"><strong><a href=\"mailto:procesos@seegman.com\" target=\"_blank\" rel=\"noopener\">procesos@seegman.com<\/a><\/strong><\/p>\n\t\t\t\t\t\t\t\t<\/div>\n\t\t\t\t<\/div>\n\t\t\t\t<div class=\"elementor-element elementor-element-7cdd5e3 elementor-widget elementor-widget-text-editor\" data-id=\"7cdd5e3\" data-element_type=\"widget\" data-e-type=\"widget\" data-widget_type=\"text-editor.default\">\n\t\t\t\t<div class=\"elementor-widget-container\">\n\t\t\t\t\t\t\t\t\t<p>+34 91 080 09 29<\/p>\n<p>Paseo de la Castellana 53, 1\u00aa planta\u00a0 \u00a0 \u00a0 <span style=\"letter-spacing: 0.9px;\">28046. Madrid<\/span><\/p>\n\t\t\t\t\t\t\t\t<\/div>\n\t\t\t\t<\/div>\n\t\t\t\t<div class=\"elementor-element elementor-element-30d99ea elementor-icon-list--layout-traditional elementor-list-item-link-full_width elementor-widget elementor-widget-icon-list\" data-id=\"30d99ea\" data-element_type=\"widget\" data-e-type=\"widget\" data-widget_type=\"icon-list.default\">\n\t\t\t\t<div class=\"elementor-widget-container\">\n\t\t\t\t\t\t\t<ul class=\"elementor-icon-list-items\">\n\t\t\t\t\t\t\t<li class=\"elementor-icon-list-item\">\n\t\t\t\t\t\t\t\t\t\t\t<a href=\"https:\/\/www.linkedin.com\/in\/maria-luisa-paul\/\" target=\"_blank\">\n\n\t\t\t\t\t\t\t\t\t\t\t\t<span class=\"elementor-icon-list-icon\">\n\t\t\t\t\t\t\t<i aria-hidden=\"true\" class=\"fab fa-linkedin-in\"><\/i>\t\t\t\t\t\t<\/span>\n\t\t\t\t\t\t\t\t\t\t<span class=\"elementor-icon-list-text\"><\/span>\n\t\t\t\t\t\t\t\t\t\t\t<\/a>\n\t\t\t\t\t\t\t\t\t<\/li>\n\t\t\t\t\t\t<\/ul>\n\t\t\t\t\t\t<\/div>\n\t\t\t\t<\/div>\n\t\t\t\t\t<\/div>\n\t\t<\/div>\n\t\t\t\t\t<\/div>\n\t\t<\/section>\n\t\t\t\t<section class=\"elementor-section elementor-top-section elementor-element elementor-element-7dd0f30a elementor-section-content-middle elementor-section-stretched elementor-section-boxed elementor-section-height-default elementor-section-height-default\" data-id=\"7dd0f30a\" data-element_type=\"section\" data-e-type=\"section\" data-settings=\"{&quot;background_background&quot;:&quot;classic&quot;,&quot;stretch_section&quot;:&quot;section-stretched&quot;}\">\n\t\t\t\t\t\t\t<div class=\"elementor-background-overlay\"><\/div>\n\t\t\t\t\t\t\t<div class=\"elementor-container elementor-column-gap-no\">\n\t\t\t\t\t<div class=\"elementor-column elementor-col-100 elementor-top-column elementor-element elementor-element-70763df3\" data-id=\"70763df3\" data-element_type=\"column\" data-e-type=\"column\" data-settings=\"{&quot;background_background&quot;:&quot;classic&quot;}\">\n\t\t\t<div class=\"elementor-widget-wrap elementor-element-populated\">\n\t\t\t\t\t\t<div class=\"elementor-element elementor-element-7d9a5d3a elementor-align-center elementor-widget elementor-widget-button\" data-id=\"7d9a5d3a\" data-element_type=\"widget\" data-e-type=\"widget\" data-widget_type=\"button.default\">\n\t\t\t\t<div class=\"elementor-widget-container\">\n\t\t\t\t\t\t\t\t\t<div class=\"elementor-button-wrapper\">\n\t\t\t\t\t<a class=\"elementor-button elementor-button-link elementor-size-sm\" href=\"https:\/\/seegman.com\/en\/our-team\/\">\n\t\t\t\t\t\t<span class=\"elementor-button-content-wrapper\">\n\t\t\t\t\t\t<span class=\"elementor-button-icon\">\n\t\t\t\t<i aria-hidden=\"true\" class=\"fas fa-angle-left\"><\/i>\t\t\t<\/span>\n\t\t\t\t\t\t\t\t\t<span class=\"elementor-button-text\">OUR TEAM<\/span>\n\t\t\t\t\t<\/span>\n\t\t\t\t\t<\/a>\n\t\t\t\t<\/div>\n\t\t\t\t\t\t\t\t<\/div>\n\t\t\t\t<\/div>\n\t\t\t\t\t<\/div>\n\t\t<\/div>\n\t\t\t\t\t<\/div>\n\t\t<\/section>\n\t\t\t\t<\/div>\n\t\t","protected":false},"excerpt":{"rendered":"<p>Mar\u00eda Luisa Pa\u00fal Innovation and Process Improvement Director Profile Mar\u00eda Luisa leads the firm\u2019s digital, technology, and productivity strategy, driving process automation, the adoption of advanced LegalTech tools, and internal transformation initiatives to enhance efficiency and elevate both the team and client experience. Her international career as an In-house Counsel, M&amp;A\/Corporate Lawyer, and LegalTech Product [&hellip;]<\/p>\n","protected":false},"author":2,"featured_media":0,"parent":2608,"menu_order":4,"comment_status":"closed","ping_status":"closed","template":"elementor_header_footer","meta":{"footnotes":""},"class_list":["post-16742","page","type-page","status-publish","hentry"],"yoast_head":"<!-- This site is optimized with the Yoast SEO plugin v27.4 - https:\/\/yoast.com\/product\/yoast-seo-wordpress\/ -->\n<title>Mar\u00eda Luisa Pa\u00fal<\/title>\n<meta name=\"description\" content=\"Mar\u00eda Luisa leads the firm\u2019s digital, technology, and productivity strategy, driving process automation\" \/>\n<meta name=\"robots\" content=\"index, follow, max-snippet:-1, max-image-preview:large, max-video-preview:-1\" \/>\n<link rel=\"canonical\" href=\"https:\/\/seegman.com\/en\/our-team\/maria-luisa-paul\/\" \/>\n<meta property=\"og:locale\" content=\"en_US\" \/>\n<meta property=\"og:type\" content=\"article\" \/>\n<meta property=\"og:title\" content=\"Mar\u00eda Luisa Pa\u00fal\" \/>\n<meta property=\"og:description\" content=\"Mar\u00eda Luisa leads the firm\u2019s digital, technology, and productivity strategy, driving process automation\" \/>\n<meta property=\"og:url\" content=\"https:\/\/seegman.com\/en\/our-team\/maria-luisa-paul\/\" \/>\n<meta property=\"og:site_name\" content=\"Seegman\" \/>\n<meta property=\"article:modified_time\" content=\"2026-03-11T12:17:17+00:00\" \/>\n<meta property=\"og:image\" content=\"https:\/\/seegman.com\/wp-content\/uploads\/2025\/09\/maria_luisa_paul_int.jpg\" \/>\n\t<meta property=\"og:image:width\" content=\"1100\" \/>\n\t<meta property=\"og:image:height\" content=\"650\" \/>\n\t<meta property=\"og:image:type\" content=\"image\/jpeg\" \/>\n<meta name=\"twitter:card\" content=\"summary_large_image\" \/>\n<meta name=\"twitter:label1\" content=\"Est. reading time\" \/>\n\t<meta name=\"twitter:data1\" content=\"1 minute\" \/>\n<script type=\"application\/ld+json\" class=\"yoast-schema-graph\">{\"@context\":\"https:\\\/\\\/schema.org\",\"@graph\":[{\"@type\":\"WebPage\",\"@id\":\"https:\\\/\\\/seegman.com\\\/en\\\/our-team\\\/maria-luisa-paul\\\/\",\"url\":\"https:\\\/\\\/seegman.com\\\/en\\\/our-team\\\/maria-luisa-paul\\\/\",\"name\":\"Mar\u00eda Luisa Pa\u00fal\",\"isPartOf\":{\"@id\":\"https:\\\/\\\/seegman.com\\\/en\\\/#website\"},\"primaryImageOfPage\":{\"@id\":\"https:\\\/\\\/seegman.com\\\/en\\\/our-team\\\/maria-luisa-paul\\\/#primaryimage\"},\"image\":{\"@id\":\"https:\\\/\\\/seegman.com\\\/en\\\/our-team\\\/maria-luisa-paul\\\/#primaryimage\"},\"thumbnailUrl\":\"https:\\\/\\\/seegman.com\\\/wp-content\\\/uploads\\\/2025\\\/09\\\/maria_luisa_paul_int.jpg\",\"datePublished\":\"2025-09-08T14:53:26+00:00\",\"dateModified\":\"2026-03-11T12:17:17+00:00\",\"description\":\"Mar\u00eda Luisa leads the firm\u2019s digital, technology, and productivity strategy, driving process automation\",\"breadcrumb\":{\"@id\":\"https:\\\/\\\/seegman.com\\\/en\\\/our-team\\\/maria-luisa-paul\\\/#breadcrumb\"},\"inLanguage\":\"en-US\",\"potentialAction\":[{\"@type\":\"ReadAction\",\"target\":[\"https:\\\/\\\/seegman.com\\\/en\\\/our-team\\\/maria-luisa-paul\\\/\"]}]},{\"@type\":\"ImageObject\",\"inLanguage\":\"en-US\",\"@id\":\"https:\\\/\\\/seegman.com\\\/en\\\/our-team\\\/maria-luisa-paul\\\/#primaryimage\",\"url\":\"https:\\\/\\\/seegman.com\\\/wp-content\\\/uploads\\\/2025\\\/09\\\/maria_luisa_paul_int.jpg\",\"contentUrl\":\"https:\\\/\\\/seegman.com\\\/wp-content\\\/uploads\\\/2025\\\/09\\\/maria_luisa_paul_int.jpg\"},{\"@type\":\"BreadcrumbList\",\"@id\":\"https:\\\/\\\/seegman.com\\\/en\\\/our-team\\\/maria-luisa-paul\\\/#breadcrumb\",\"itemListElement\":[{\"@type\":\"ListItem\",\"position\":1,\"name\":\"Home\",\"item\":\"https:\\\/\\\/seegman.com\\\/en\\\/\"},{\"@type\":\"ListItem\",\"position\":2,\"name\":\"TEAM\",\"item\":\"https:\\\/\\\/seegman.com\\\/en\\\/equipo\\\/\"},{\"@type\":\"ListItem\",\"position\":3,\"name\":\"Mar\u00eda Luisa Pa\u00fal\"}]},{\"@type\":\"WebSite\",\"@id\":\"https:\\\/\\\/seegman.com\\\/en\\\/#website\",\"url\":\"https:\\\/\\\/seegman.com\\\/en\\\/\",\"name\":\"Seegman\",\"description\":\"Servicios jur\u00eddicos de calidad para una inversi\u00f3n exigente.\",\"publisher\":{\"@id\":\"https:\\\/\\\/seegman.com\\\/en\\\/#organization\"},\"potentialAction\":[{\"@type\":\"SearchAction\",\"target\":{\"@type\":\"EntryPoint\",\"urlTemplate\":\"https:\\\/\\\/seegman.com\\\/en\\\/?s={search_term_string}\"},\"query-input\":{\"@type\":\"PropertyValueSpecification\",\"valueRequired\":true,\"valueName\":\"search_term_string\"}}],\"inLanguage\":\"en-US\"},{\"@type\":\"Organization\",\"@id\":\"https:\\\/\\\/seegman.com\\\/en\\\/#organization\",\"name\":\"Seegman\",\"url\":\"https:\\\/\\\/seegman.com\\\/en\\\/\",\"logo\":{\"@type\":\"ImageObject\",\"inLanguage\":\"en-US\",\"@id\":\"https:\\\/\\\/seegman.com\\\/en\\\/#\\\/schema\\\/logo\\\/image\\\/\",\"url\":\"https:\\\/\\\/seegman.com\\\/wp-content\\\/uploads\\\/2020\\\/05\\\/logo_seegman_white.png\",\"contentUrl\":\"https:\\\/\\\/seegman.com\\\/wp-content\\\/uploads\\\/2020\\\/05\\\/logo_seegman_white.png\",\"width\":600,\"height\":112,\"caption\":\"Seegman\"},\"image\":{\"@id\":\"https:\\\/\\\/seegman.com\\\/en\\\/#\\\/schema\\\/logo\\\/image\\\/\"}}]}<\/script>\n<!-- \/ Yoast SEO plugin. -->","yoast_head_json":{"title":"Mar\u00eda Luisa Pa\u00fal","description":"Mar\u00eda Luisa leads the firm\u2019s digital, technology, and productivity strategy, driving process automation","robots":{"index":"index","follow":"follow","max-snippet":"max-snippet:-1","max-image-preview":"max-image-preview:large","max-video-preview":"max-video-preview:-1"},"canonical":"https:\/\/seegman.com\/en\/our-team\/maria-luisa-paul\/","og_locale":"en_US","og_type":"article","og_title":"Mar\u00eda Luisa Pa\u00fal","og_description":"Mar\u00eda Luisa leads the firm\u2019s digital, technology, and productivity strategy, driving process automation","og_url":"https:\/\/seegman.com\/en\/our-team\/maria-luisa-paul\/","og_site_name":"Seegman","article_modified_time":"2026-03-11T12:17:17+00:00","og_image":[{"width":1100,"height":650,"url":"https:\/\/seegman.com\/wp-content\/uploads\/2025\/09\/maria_luisa_paul_int.jpg","type":"image\/jpeg"}],"twitter_card":"summary_large_image","twitter_misc":{"Est. reading time":"1 minute"},"schema":{"@context":"https:\/\/schema.org","@graph":[{"@type":"WebPage","@id":"https:\/\/seegman.com\/en\/our-team\/maria-luisa-paul\/","url":"https:\/\/seegman.com\/en\/our-team\/maria-luisa-paul\/","name":"Mar\u00eda Luisa Pa\u00fal","isPartOf":{"@id":"https:\/\/seegman.com\/en\/#website"},"primaryImageOfPage":{"@id":"https:\/\/seegman.com\/en\/our-team\/maria-luisa-paul\/#primaryimage"},"image":{"@id":"https:\/\/seegman.com\/en\/our-team\/maria-luisa-paul\/#primaryimage"},"thumbnailUrl":"https:\/\/seegman.com\/wp-content\/uploads\/2025\/09\/maria_luisa_paul_int.jpg","datePublished":"2025-09-08T14:53:26+00:00","dateModified":"2026-03-11T12:17:17+00:00","description":"Mar\u00eda Luisa leads the firm\u2019s digital, technology, and productivity strategy, driving process automation","breadcrumb":{"@id":"https:\/\/seegman.com\/en\/our-team\/maria-luisa-paul\/#breadcrumb"},"inLanguage":"en-US","potentialAction":[{"@type":"ReadAction","target":["https:\/\/seegman.com\/en\/our-team\/maria-luisa-paul\/"]}]},{"@type":"ImageObject","inLanguage":"en-US","@id":"https:\/\/seegman.com\/en\/our-team\/maria-luisa-paul\/#primaryimage","url":"https:\/\/seegman.com\/wp-content\/uploads\/2025\/09\/maria_luisa_paul_int.jpg","contentUrl":"https:\/\/seegman.com\/wp-content\/uploads\/2025\/09\/maria_luisa_paul_int.jpg"},{"@type":"BreadcrumbList","@id":"https:\/\/seegman.com\/en\/our-team\/maria-luisa-paul\/#breadcrumb","itemListElement":[{"@type":"ListItem","position":1,"name":"Home","item":"https:\/\/seegman.com\/en\/"},{"@type":"ListItem","position":2,"name":"TEAM","item":"https:\/\/seegman.com\/en\/equipo\/"},{"@type":"ListItem","position":3,"name":"Mar\u00eda Luisa Pa\u00fal"}]},{"@type":"WebSite","@id":"https:\/\/seegman.com\/en\/#website","url":"https:\/\/seegman.com\/en\/","name":"Seegman","description":"Servicios jur\u00eddicos de calidad para una inversi\u00f3n exigente.","publisher":{"@id":"https:\/\/seegman.com\/en\/#organization"},"potentialAction":[{"@type":"SearchAction","target":{"@type":"EntryPoint","urlTemplate":"https:\/\/seegman.com\/en\/?s={search_term_string}"},"query-input":{"@type":"PropertyValueSpecification","valueRequired":true,"valueName":"search_term_string"}}],"inLanguage":"en-US"},{"@type":"Organization","@id":"https:\/\/seegman.com\/en\/#organization","name":"Seegman","url":"https:\/\/seegman.com\/en\/","logo":{"@type":"ImageObject","inLanguage":"en-US","@id":"https:\/\/seegman.com\/en\/#\/schema\/logo\/image\/","url":"https:\/\/seegman.com\/wp-content\/uploads\/2020\/05\/logo_seegman_white.png","contentUrl":"https:\/\/seegman.com\/wp-content\/uploads\/2020\/05\/logo_seegman_white.png","width":600,"height":112,"caption":"Seegman"},"image":{"@id":"https:\/\/seegman.com\/en\/#\/schema\/logo\/image\/"}}]}},"_links":{"self":[{"href":"https:\/\/seegman.com\/en\/wp-json\/wp\/v2\/pages\/16742","targetHints":{"allow":["GET"]}}],"collection":[{"href":"https:\/\/seegman.com\/en\/wp-json\/wp\/v2\/pages"}],"about":[{"href":"https:\/\/seegman.com\/en\/wp-json\/wp\/v2\/types\/page"}],"author":[{"embeddable":true,"href":"https:\/\/seegman.com\/en\/wp-json\/wp\/v2\/users\/2"}],"replies":[{"embeddable":true,"href":"https:\/\/seegman.com\/en\/wp-json\/wp\/v2\/comments?post=16742"}],"version-history":[{"count":13,"href":"https:\/\/seegman.com\/en\/wp-json\/wp\/v2\/pages\/16742\/revisions"}],"predecessor-version":[{"id":18296,"href":"https:\/\/seegman.com\/en\/wp-json\/wp\/v2\/pages\/16742\/revisions\/18296"}],"up":[{"embeddable":true,"href":"https:\/\/seegman.com\/en\/wp-json\/wp\/v2\/pages\/2608"}],"wp:attachment":[{"href":"https:\/\/seegman.com\/en\/wp-json\/wp\/v2\/media?parent=16742"}],"curies":[{"name":"wp","href":"https:\/\/api.w.org\/{rel}","templated":true}]}}