{"id":2600,"date":"2020-05-13T12:57:41","date_gmt":"2020-05-13T12:57:41","guid":{"rendered":"https:\/\/test.micrositeserver.com\/leonardo-britto\/"},"modified":"2026-03-24T12:16:08","modified_gmt":"2026-03-24T12:16:08","slug":"leonardo-britto","status":"publish","type":"page","link":"https:\/\/seegman.com\/en\/our-team\/leonardo-britto\/","title":{"rendered":"Leonardo Britto"},"content":{"rendered":"\t\t<div data-elementor-type=\"wp-page\" data-elementor-id=\"2600\" class=\"elementor elementor-2600 elementor-480\" data-elementor-post-type=\"page\">\n\t\t\t\t\t\t<section class=\"elementor-section elementor-top-section elementor-element elementor-element-504933d1 elementor-section-height-min-height elementor-section-stretched elementor-section-content-middle elementor-section-boxed elementor-section-height-default elementor-section-items-middle\" data-id=\"504933d1\" data-element_type=\"section\" data-e-type=\"section\" data-settings=\"{&quot;background_background&quot;:&quot;classic&quot;,&quot;stretch_section&quot;:&quot;section-stretched&quot;}\">\n\t\t\t\t\t\t\t<div class=\"elementor-background-overlay\"><\/div>\n\t\t\t\t\t\t\t<div class=\"elementor-container elementor-column-gap-default\">\n\t\t\t\t\t<div class=\"elementor-column elementor-col-100 elementor-top-column elementor-element elementor-element-741f332a\" data-id=\"741f332a\" data-element_type=\"column\" data-e-type=\"column\" data-settings=\"{&quot;background_background&quot;:&quot;classic&quot;}\">\n\t\t\t<div class=\"elementor-widget-wrap\">\n\t\t\t\t\t<div class=\"elementor-background-overlay\"><\/div>\n\t\t\t\t\t\t\t<\/div>\n\t\t<\/div>\n\t\t\t\t\t<\/div>\n\t\t<\/section>\n\t\t\t\t<section class=\"elementor-section elementor-top-section elementor-element elementor-element-661d7da elementor-section-content-top elementor-section-stretched elementor-section-boxed elementor-section-height-default elementor-section-height-default\" data-id=\"661d7da\" data-element_type=\"section\" data-e-type=\"section\" data-settings=\"{&quot;background_background&quot;:&quot;classic&quot;,&quot;stretch_section&quot;:&quot;section-stretched&quot;}\">\n\t\t\t\t\t\t\t<div class=\"elementor-background-overlay\"><\/div>\n\t\t\t\t\t\t\t<div class=\"elementor-container elementor-column-gap-default\">\n\t\t\t\t\t<div class=\"elementor-column elementor-col-50 elementor-top-column elementor-element elementor-element-bd49d02\" data-id=\"bd49d02\" data-element_type=\"column\" data-e-type=\"column\">\n\t\t\t<div class=\"elementor-widget-wrap elementor-element-populated\">\n\t\t\t\t\t\t<div class=\"elementor-element elementor-element-cd896cb elementor-widget elementor-widget-image\" data-id=\"cd896cb\" data-element_type=\"widget\" data-e-type=\"widget\" data-widget_type=\"image.default\">\n\t\t\t\t<div class=\"elementor-widget-container\">\n\t\t\t\t\t\t\t\t\t\t\t\t\t\t\t<img fetchpriority=\"high\" decoding=\"async\" width=\"1100\" height=\"650\" src=\"https:\/\/seegman.com\/wp-content\/uploads\/2025\/02\/Leonardo_britto_int_2.jpg\" class=\"attachment-full size-full wp-image-14868\" alt=\"Leonardo britto int 2\" srcset=\"https:\/\/seegman.com\/wp-content\/uploads\/2025\/02\/Leonardo_britto_int_2.jpg 1100w, https:\/\/seegman.com\/wp-content\/uploads\/2025\/02\/Leonardo_britto_int_2-300x177.jpg 300w, https:\/\/seegman.com\/wp-content\/uploads\/2025\/02\/Leonardo_britto_int_2-1024x605.jpg 1024w, https:\/\/seegman.com\/wp-content\/uploads\/2025\/02\/Leonardo_britto_int_2-768x454.jpg 768w\" sizes=\"(max-width: 1100px) 100vw, 1100px\" \/>\t\t\t\t\t\t\t\t\t\t\t\t\t\t\t<\/div>\n\t\t\t\t<\/div>\n\t\t\t\t\t<\/div>\n\t\t<\/div>\n\t\t\t\t<div class=\"elementor-column elementor-col-50 elementor-top-column elementor-element elementor-element-eed4367\" data-id=\"eed4367\" data-element_type=\"column\" data-e-type=\"column\">\n\t\t\t<div class=\"elementor-widget-wrap elementor-element-populated\">\n\t\t\t\t\t\t<div class=\"elementor-element elementor-element-8833d72 elementor-widget elementor-widget-heading\" data-id=\"8833d72\" data-element_type=\"widget\" data-e-type=\"widget\" data-widget_type=\"heading.default\">\n\t\t\t\t<div class=\"elementor-widget-container\">\n\t\t\t\t\t<h2 class=\"elementor-heading-title elementor-size-default\">Leonardo Britto<\/h2>\t\t\t\t<\/div>\n\t\t\t\t<\/div>\n\t\t\t\t<div class=\"elementor-element elementor-element-112150e elementor-widget elementor-widget-heading\" data-id=\"112150e\" data-element_type=\"widget\" data-e-type=\"widget\" data-widget_type=\"heading.default\">\n\t\t\t\t<div class=\"elementor-widget-container\">\n\t\t\t\t\t<h6 class=\"elementor-heading-title elementor-size-default\">CEO and Corporate Director<\/h6>\t\t\t\t<\/div>\n\t\t\t\t<\/div>\n\t\t\t\t\t<\/div>\n\t\t<\/div>\n\t\t\t\t\t<\/div>\n\t\t<\/section>\n\t\t\t\t<section class=\"elementor-section elementor-top-section elementor-element elementor-element-19adfb1c elementor-section-content-middle elementor-section-stretched elementor-section-boxed elementor-section-height-default elementor-section-height-default\" data-id=\"19adfb1c\" data-element_type=\"section\" data-e-type=\"section\" data-settings=\"{&quot;stretch_section&quot;:&quot;section-stretched&quot;}\">\n\t\t\t\t\t\t<div class=\"elementor-container elementor-column-gap-no\">\n\t\t\t\t\t<div class=\"elementor-column elementor-col-50 elementor-top-column elementor-element elementor-element-4f3e6c9e\" data-id=\"4f3e6c9e\" data-element_type=\"column\" data-e-type=\"column\">\n\t\t\t<div class=\"elementor-widget-wrap elementor-element-populated\">\n\t\t\t\t\t\t<div class=\"elementor-element elementor-element-616ecdbc elementor-widget elementor-widget-text-editor\" data-id=\"616ecdbc\" data-element_type=\"widget\" data-e-type=\"widget\" data-widget_type=\"text-editor.default\">\n\t\t\t\t<div class=\"elementor-widget-container\">\n\t\t\t\t\t\t\t\t\t<p>PROFILE<\/p>\t\t\t\t\t\t\t\t<\/div>\n\t\t\t\t<\/div>\n\t\t\t\t<div class=\"elementor-element elementor-element-8c8634d elementor-widget-divider--view-line elementor-widget elementor-widget-divider\" data-id=\"8c8634d\" data-element_type=\"widget\" data-e-type=\"widget\" data-widget_type=\"divider.default\">\n\t\t\t\t<div class=\"elementor-widget-container\">\n\t\t\t\t\t\t\t<div class=\"elementor-divider\">\n\t\t\t<span class=\"elementor-divider-separator\">\n\t\t\t\t\t\t<\/span>\n\t\t<\/div>\n\t\t\t\t\t\t<\/div>\n\t\t\t\t<\/div>\n\t\t\t\t<div class=\"elementor-element elementor-element-6e6e8fb elementor-widget elementor-widget-text-editor\" data-id=\"6e6e8fb\" data-element_type=\"widget\" data-e-type=\"widget\" data-widget_type=\"text-editor.default\">\n\t\t\t\t<div class=\"elementor-widget-container\">\n\t\t\t\t\t\t\t\t\t<p>Leonardo is the CEO and Corporate Director at Seegman.<\/p><p>He specializes in advising large international corporations, small and medium-sized Latin American businesses, and family estates, with a focus on matters related to commercial, corporate, and tax law, primarily in Spain, Europe, and Latin America. He has experience as a member of the board of directors of transnational companies, including Spanish subsidiaries of publicly listed companies.<\/p><p>Leonardo is an associate professor of Corporate Law at IE Law School and IE Business School. He holds a law degree from Universidad Cat\u00f3lica Andr\u00e9s Bello (Caracas, Venezuela) and Universidad de Alcal\u00e1 de Henares (Madrid). He also holds a Master\u2019s in Law from IE Law School and National University of Singapore, as well as a Master\u2019s in Tax Advisory for Professionals from IE Business School.<\/p><p>Leonardo is a member of the bar associations of Caracas (Venezuela), Spain and Portugal.<\/p>\t\t\t\t\t\t\t\t<\/div>\n\t\t\t\t<\/div>\n\t\t\t\t<div class=\"elementor-element elementor-element-faaf21f elementor-widget elementor-widget-image\" data-id=\"faaf21f\" data-element_type=\"widget\" data-e-type=\"widget\" data-widget_type=\"image.default\">\n\t\t\t\t<div class=\"elementor-widget-container\">\n\t\t\t\t\t\t\t\t\t\t\t\t\t\t\t<img decoding=\"async\" width=\"600\" height=\"504\" src=\"https:\/\/seegman.com\/wp-content\/uploads\/2026\/03\/2026-Britto-Leonardo-1.jpg\" class=\"attachment-large size-large wp-image-18790\" alt=\"Logo Chambers Ranked In Europe 2026\" srcset=\"https:\/\/seegman.com\/wp-content\/uploads\/2026\/03\/2026-Britto-Leonardo-1.jpg 600w, https:\/\/seegman.com\/wp-content\/uploads\/2026\/03\/2026-Britto-Leonardo-1-300x252.jpg 300w\" sizes=\"(max-width: 600px) 100vw, 600px\" \/>\t\t\t\t\t\t\t\t\t\t\t\t\t\t\t<\/div>\n\t\t\t\t<\/div>\n\t\t\t\t\t<\/div>\n\t\t<\/div>\n\t\t\t\t<div class=\"elementor-column elementor-col-50 elementor-top-column elementor-element elementor-element-2aac6645\" data-id=\"2aac6645\" data-element_type=\"column\" data-e-type=\"column\" data-settings=\"{&quot;background_background&quot;:&quot;classic&quot;}\">\n\t\t\t<div class=\"elementor-widget-wrap elementor-element-populated\">\n\t\t\t\t\t\t<div class=\"elementor-element elementor-element-93c211a elementor-widget elementor-widget-text-editor\" data-id=\"93c211a\" data-element_type=\"widget\" data-e-type=\"widget\" data-widget_type=\"text-editor.default\">\n\t\t\t\t<div class=\"elementor-widget-container\">\n\t\t\t\t\t\t\t\t\t<p>EDUCATION<\/p>\t\t\t\t\t\t\t\t<\/div>\n\t\t\t\t<\/div>\n\t\t\t\t<div class=\"elementor-element elementor-element-6f8763c4 elementor-widget-divider--view-line elementor-widget elementor-widget-divider\" data-id=\"6f8763c4\" data-element_type=\"widget\" data-e-type=\"widget\" data-widget_type=\"divider.default\">\n\t\t\t\t<div class=\"elementor-widget-container\">\n\t\t\t\t\t\t\t<div class=\"elementor-divider\">\n\t\t\t<span class=\"elementor-divider-separator\">\n\t\t\t\t\t\t<\/span>\n\t\t<\/div>\n\t\t\t\t\t\t<\/div>\n\t\t\t\t<\/div>\n\t\t\t\t<div class=\"elementor-element elementor-element-0ca741c elementor-widget elementor-widget-text-editor\" data-id=\"0ca741c\" data-element_type=\"widget\" data-e-type=\"widget\" data-widget_type=\"text-editor.default\">\n\t\t\t\t<div class=\"elementor-widget-container\">\n\t\t\t\t\t\t\t\t\t<div>Master\u00a0degree in Tax Advisory from IE Business School.<\/div><div>\u00a0<\/div><div>Law Degree from University of Alcal\u00e1 de Henares.<\/div><div>\u00a0<\/div><div>LL.M. from Instituto de Empresa Law School and National University of Singapore.<\/div><div>\u00a0<\/div><div>Lawyer from\u00a0Universidad Cat\u00f3lica Andr\u00e9s Bello (Caracas, Venezuela).<\/div>\t\t\t\t\t\t\t\t<\/div>\n\t\t\t\t<\/div>\n\t\t\t\t<div class=\"elementor-element elementor-element-c603bb3 elementor-widget elementor-widget-text-editor\" data-id=\"c603bb3\" data-element_type=\"widget\" data-e-type=\"widget\" data-widget_type=\"text-editor.default\">\n\t\t\t\t<div class=\"elementor-widget-container\">\n\t\t\t\t\t\t\t\t\t<p>CONTACT<\/p>\t\t\t\t\t\t\t\t<\/div>\n\t\t\t\t<\/div>\n\t\t\t\t<div class=\"elementor-element elementor-element-99d035e elementor-widget-divider--view-line elementor-widget elementor-widget-divider\" data-id=\"99d035e\" data-element_type=\"widget\" data-e-type=\"widget\" data-widget_type=\"divider.default\">\n\t\t\t\t<div class=\"elementor-widget-container\">\n\t\t\t\t\t\t\t<div class=\"elementor-divider\">\n\t\t\t<span class=\"elementor-divider-separator\">\n\t\t\t\t\t\t<\/span>\n\t\t<\/div>\n\t\t\t\t\t\t<\/div>\n\t\t\t\t<\/div>\n\t\t\t\t<div class=\"elementor-element elementor-element-46d0c72e elementor-widget elementor-widget-text-editor\" data-id=\"46d0c72e\" data-element_type=\"widget\" data-e-type=\"widget\" data-widget_type=\"text-editor.default\">\n\t\t\t\t<div class=\"elementor-widget-container\">\n\t\t\t\t\t\t\t\t\t<p><a href=\"mailto:lbritto@seegman.com\"><strong>lbritto@seegman.com<\/strong><\/a><\/p>\t\t\t\t\t\t\t\t<\/div>\n\t\t\t\t<\/div>\n\t\t\t\t<div class=\"elementor-element elementor-element-7cdd5e3 elementor-widget elementor-widget-text-editor\" data-id=\"7cdd5e3\" data-element_type=\"widget\" data-e-type=\"widget\" data-widget_type=\"text-editor.default\">\n\t\t\t\t<div class=\"elementor-widget-container\">\n\t\t\t\t\t\t\t\t\t<p>+34 91 080 09 29<\/p><p>Paseo de la Castellana 53, 1\u00aa planta\u00a0 \u00a0 \u00a0 <span style=\"letter-spacing: 0.9px;\">28046. Madrid<\/span><\/p>\t\t\t\t\t\t\t\t<\/div>\n\t\t\t\t<\/div>\n\t\t\t\t<div class=\"elementor-element elementor-element-30d99ea elementor-icon-list--layout-traditional elementor-list-item-link-full_width elementor-widget elementor-widget-icon-list\" data-id=\"30d99ea\" data-element_type=\"widget\" data-e-type=\"widget\" data-widget_type=\"icon-list.default\">\n\t\t\t\t<div class=\"elementor-widget-container\">\n\t\t\t\t\t\t\t<ul class=\"elementor-icon-list-items\">\n\t\t\t\t\t\t\t<li class=\"elementor-icon-list-item\">\n\t\t\t\t\t\t\t\t\t\t\t<a href=\"https:\/\/www.linkedin.com\/in\/leonardo-britto\/?locale=es_ES\" target=\"_blank\">\n\n\t\t\t\t\t\t\t\t\t\t\t\t<span class=\"elementor-icon-list-icon\">\n\t\t\t\t\t\t\t<i aria-hidden=\"true\" class=\"fab fa-linkedin-in\"><\/i>\t\t\t\t\t\t<\/span>\n\t\t\t\t\t\t\t\t\t\t<span class=\"elementor-icon-list-text\"><\/span>\n\t\t\t\t\t\t\t\t\t\t\t<\/a>\n\t\t\t\t\t\t\t\t\t<\/li>\n\t\t\t\t\t\t<\/ul>\n\t\t\t\t\t\t<\/div>\n\t\t\t\t<\/div>\n\t\t\t\t\t<\/div>\n\t\t<\/div>\n\t\t\t\t\t<\/div>\n\t\t<\/section>\n\t\t\t\t<section class=\"elementor-section elementor-top-section elementor-element elementor-element-7dd0f30a elementor-section-content-middle elementor-section-stretched elementor-section-boxed elementor-section-height-default elementor-section-height-default\" data-id=\"7dd0f30a\" data-element_type=\"section\" data-e-type=\"section\" data-settings=\"{&quot;background_background&quot;:&quot;classic&quot;,&quot;stretch_section&quot;:&quot;section-stretched&quot;}\">\n\t\t\t\t\t\t\t<div class=\"elementor-background-overlay\"><\/div>\n\t\t\t\t\t\t\t<div class=\"elementor-container elementor-column-gap-no\">\n\t\t\t\t\t<div class=\"elementor-column elementor-col-100 elementor-top-column elementor-element elementor-element-70763df3\" data-id=\"70763df3\" data-element_type=\"column\" data-e-type=\"column\" data-settings=\"{&quot;background_background&quot;:&quot;classic&quot;}\">\n\t\t\t<div class=\"elementor-widget-wrap elementor-element-populated\">\n\t\t\t\t\t\t<div class=\"elementor-element elementor-element-7d9a5d3a elementor-align-center elementor-widget elementor-widget-button\" data-id=\"7d9a5d3a\" data-element_type=\"widget\" data-e-type=\"widget\" data-widget_type=\"button.default\">\n\t\t\t\t<div class=\"elementor-widget-container\">\n\t\t\t\t\t\t\t\t\t<div class=\"elementor-button-wrapper\">\n\t\t\t\t\t<a class=\"elementor-button elementor-button-link elementor-size-sm\" href=\"\/en\/our-team\/\">\n\t\t\t\t\t\t<span class=\"elementor-button-content-wrapper\">\n\t\t\t\t\t\t<span class=\"elementor-button-icon\">\n\t\t\t\t<i aria-hidden=\"true\" class=\"fas fa-angle-left\"><\/i>\t\t\t<\/span>\n\t\t\t\t\t\t\t\t\t<span class=\"elementor-button-text\">TEAM<\/span>\n\t\t\t\t\t<\/span>\n\t\t\t\t\t<\/a>\n\t\t\t\t<\/div>\n\t\t\t\t\t\t\t\t<\/div>\n\t\t\t\t<\/div>\n\t\t\t\t\t<\/div>\n\t\t<\/div>\n\t\t\t\t\t<\/div>\n\t\t<\/section>\n\t\t\t\t<\/div>\n\t\t","protected":false},"excerpt":{"rendered":"<p>Leonardo Britto CEO and Corporate Director PROFILE Leonardo is the CEO and Corporate Director at Seegman. He specializes in advising large international corporations, small and medium-sized Latin American businesses, and family estates, with a focus on matters related to commercial, corporate, and tax law, primarily in Spain, Europe, and Latin America. He has experience as [&hellip;]<\/p>\n","protected":false},"author":1,"featured_media":0,"parent":2608,"menu_order":1,"comment_status":"closed","ping_status":"closed","template":"elementor_header_footer","meta":{"footnotes":""},"class_list":["post-2600","page","type-page","status-publish","hentry"],"yoast_head":"<!-- This site is optimized with the Yoast SEO plugin v27.4 - https:\/\/yoast.com\/product\/yoast-seo-wordpress\/ -->\n<title>Leonardo Britto<\/title>\n<meta name=\"description\" content=\"Leonardo Britto Le\u00f3n is a lawyer specialized in advising international investors with interests mainly in Spain, Europe and Latin America\" \/>\n<meta name=\"robots\" content=\"index, follow, max-snippet:-1, max-image-preview:large, max-video-preview:-1\" \/>\n<link rel=\"canonical\" href=\"https:\/\/seegman.com\/en\/our-team\/leonardo-britto\/\" \/>\n<meta property=\"og:locale\" content=\"en_US\" \/>\n<meta property=\"og:type\" content=\"article\" \/>\n<meta property=\"og:title\" content=\"Leonardo Britto\" \/>\n<meta property=\"og:description\" content=\"Leonardo Britto Le\u00f3n is a lawyer specialized in advising international investors with interests mainly in Spain, Europe and Latin America\" \/>\n<meta property=\"og:url\" content=\"https:\/\/seegman.com\/en\/our-team\/leonardo-britto\/\" \/>\n<meta property=\"og:site_name\" content=\"Seegman\" \/>\n<meta property=\"article:modified_time\" content=\"2026-03-24T12:16:08+00:00\" \/>\n<meta property=\"og:image\" content=\"https:\/\/seegman.com\/wp-content\/uploads\/2025\/02\/Leonardo_britto_int_2.jpg\" \/>\n\t<meta property=\"og:image:width\" content=\"1100\" \/>\n\t<meta property=\"og:image:height\" content=\"650\" \/>\n\t<meta property=\"og:image:type\" content=\"image\/jpeg\" \/>\n<meta name=\"twitter:card\" content=\"summary_large_image\" \/>\n<meta name=\"twitter:label1\" content=\"Est. reading time\" \/>\n\t<meta name=\"twitter:data1\" content=\"2 minutes\" \/>\n<script type=\"application\/ld+json\" class=\"yoast-schema-graph\">{\"@context\":\"https:\\\/\\\/schema.org\",\"@graph\":[{\"@type\":\"WebPage\",\"@id\":\"https:\\\/\\\/seegman.com\\\/en\\\/our-team\\\/leonardo-britto\\\/\",\"url\":\"https:\\\/\\\/seegman.com\\\/en\\\/our-team\\\/leonardo-britto\\\/\",\"name\":\"Leonardo Britto\",\"isPartOf\":{\"@id\":\"https:\\\/\\\/seegman.com\\\/en\\\/#website\"},\"primaryImageOfPage\":{\"@id\":\"https:\\\/\\\/seegman.com\\\/en\\\/our-team\\\/leonardo-britto\\\/#primaryimage\"},\"image\":{\"@id\":\"https:\\\/\\\/seegman.com\\\/en\\\/our-team\\\/leonardo-britto\\\/#primaryimage\"},\"thumbnailUrl\":\"https:\\\/\\\/seegman.com\\\/wp-content\\\/uploads\\\/2025\\\/02\\\/Leonardo_britto_int_2.jpg\",\"datePublished\":\"2020-05-13T12:57:41+00:00\",\"dateModified\":\"2026-03-24T12:16:08+00:00\",\"description\":\"Leonardo Britto Le\u00f3n is a lawyer specialized in advising international investors with interests mainly in Spain, Europe and Latin America\",\"breadcrumb\":{\"@id\":\"https:\\\/\\\/seegman.com\\\/en\\\/our-team\\\/leonardo-britto\\\/#breadcrumb\"},\"inLanguage\":\"en-US\",\"potentialAction\":[{\"@type\":\"ReadAction\",\"target\":[\"https:\\\/\\\/seegman.com\\\/en\\\/our-team\\\/leonardo-britto\\\/\"]}]},{\"@type\":\"ImageObject\",\"inLanguage\":\"en-US\",\"@id\":\"https:\\\/\\\/seegman.com\\\/en\\\/our-team\\\/leonardo-britto\\\/#primaryimage\",\"url\":\"https:\\\/\\\/seegman.com\\\/wp-content\\\/uploads\\\/2025\\\/02\\\/Leonardo_britto_int_2.jpg\",\"contentUrl\":\"https:\\\/\\\/seegman.com\\\/wp-content\\\/uploads\\\/2025\\\/02\\\/Leonardo_britto_int_2.jpg\"},{\"@type\":\"BreadcrumbList\",\"@id\":\"https:\\\/\\\/seegman.com\\\/en\\\/our-team\\\/leonardo-britto\\\/#breadcrumb\",\"itemListElement\":[{\"@type\":\"ListItem\",\"position\":1,\"name\":\"Home\",\"item\":\"https:\\\/\\\/seegman.com\\\/en\\\/\"},{\"@type\":\"ListItem\",\"position\":2,\"name\":\"TEAM\",\"item\":\"https:\\\/\\\/seegman.com\\\/en\\\/equipo\\\/\"},{\"@type\":\"ListItem\",\"position\":3,\"name\":\"Leonardo Britto\"}]},{\"@type\":\"WebSite\",\"@id\":\"https:\\\/\\\/seegman.com\\\/en\\\/#website\",\"url\":\"https:\\\/\\\/seegman.com\\\/en\\\/\",\"name\":\"Seegman\",\"description\":\"Servicios jur\u00eddicos de calidad para una inversi\u00f3n exigente.\",\"publisher\":{\"@id\":\"https:\\\/\\\/seegman.com\\\/en\\\/#organization\"},\"potentialAction\":[{\"@type\":\"SearchAction\",\"target\":{\"@type\":\"EntryPoint\",\"urlTemplate\":\"https:\\\/\\\/seegman.com\\\/en\\\/?s={search_term_string}\"},\"query-input\":{\"@type\":\"PropertyValueSpecification\",\"valueRequired\":true,\"valueName\":\"search_term_string\"}}],\"inLanguage\":\"en-US\"},{\"@type\":\"Organization\",\"@id\":\"https:\\\/\\\/seegman.com\\\/en\\\/#organization\",\"name\":\"Seegman\",\"url\":\"https:\\\/\\\/seegman.com\\\/en\\\/\",\"logo\":{\"@type\":\"ImageObject\",\"inLanguage\":\"en-US\",\"@id\":\"https:\\\/\\\/seegman.com\\\/en\\\/#\\\/schema\\\/logo\\\/image\\\/\",\"url\":\"https:\\\/\\\/seegman.com\\\/wp-content\\\/uploads\\\/2020\\\/05\\\/logo_seegman_white.png\",\"contentUrl\":\"https:\\\/\\\/seegman.com\\\/wp-content\\\/uploads\\\/2020\\\/05\\\/logo_seegman_white.png\",\"width\":600,\"height\":112,\"caption\":\"Seegman\"},\"image\":{\"@id\":\"https:\\\/\\\/seegman.com\\\/en\\\/#\\\/schema\\\/logo\\\/image\\\/\"}}]}<\/script>\n<!-- \/ Yoast SEO plugin. -->","yoast_head_json":{"title":"Leonardo Britto","description":"Leonardo Britto Le\u00f3n is a lawyer specialized in advising international investors with interests mainly in Spain, Europe and Latin America","robots":{"index":"index","follow":"follow","max-snippet":"max-snippet:-1","max-image-preview":"max-image-preview:large","max-video-preview":"max-video-preview:-1"},"canonical":"https:\/\/seegman.com\/en\/our-team\/leonardo-britto\/","og_locale":"en_US","og_type":"article","og_title":"Leonardo Britto","og_description":"Leonardo Britto Le\u00f3n is a lawyer specialized in advising international investors with interests mainly in Spain, Europe and Latin America","og_url":"https:\/\/seegman.com\/en\/our-team\/leonardo-britto\/","og_site_name":"Seegman","article_modified_time":"2026-03-24T12:16:08+00:00","og_image":[{"width":1100,"height":650,"url":"https:\/\/seegman.com\/wp-content\/uploads\/2025\/02\/Leonardo_britto_int_2.jpg","type":"image\/jpeg"}],"twitter_card":"summary_large_image","twitter_misc":{"Est. reading time":"2 minutes"},"schema":{"@context":"https:\/\/schema.org","@graph":[{"@type":"WebPage","@id":"https:\/\/seegman.com\/en\/our-team\/leonardo-britto\/","url":"https:\/\/seegman.com\/en\/our-team\/leonardo-britto\/","name":"Leonardo Britto","isPartOf":{"@id":"https:\/\/seegman.com\/en\/#website"},"primaryImageOfPage":{"@id":"https:\/\/seegman.com\/en\/our-team\/leonardo-britto\/#primaryimage"},"image":{"@id":"https:\/\/seegman.com\/en\/our-team\/leonardo-britto\/#primaryimage"},"thumbnailUrl":"https:\/\/seegman.com\/wp-content\/uploads\/2025\/02\/Leonardo_britto_int_2.jpg","datePublished":"2020-05-13T12:57:41+00:00","dateModified":"2026-03-24T12:16:08+00:00","description":"Leonardo Britto Le\u00f3n is a lawyer specialized in advising international investors with interests mainly in Spain, Europe and Latin America","breadcrumb":{"@id":"https:\/\/seegman.com\/en\/our-team\/leonardo-britto\/#breadcrumb"},"inLanguage":"en-US","potentialAction":[{"@type":"ReadAction","target":["https:\/\/seegman.com\/en\/our-team\/leonardo-britto\/"]}]},{"@type":"ImageObject","inLanguage":"en-US","@id":"https:\/\/seegman.com\/en\/our-team\/leonardo-britto\/#primaryimage","url":"https:\/\/seegman.com\/wp-content\/uploads\/2025\/02\/Leonardo_britto_int_2.jpg","contentUrl":"https:\/\/seegman.com\/wp-content\/uploads\/2025\/02\/Leonardo_britto_int_2.jpg"},{"@type":"BreadcrumbList","@id":"https:\/\/seegman.com\/en\/our-team\/leonardo-britto\/#breadcrumb","itemListElement":[{"@type":"ListItem","position":1,"name":"Home","item":"https:\/\/seegman.com\/en\/"},{"@type":"ListItem","position":2,"name":"TEAM","item":"https:\/\/seegman.com\/en\/equipo\/"},{"@type":"ListItem","position":3,"name":"Leonardo Britto"}]},{"@type":"WebSite","@id":"https:\/\/seegman.com\/en\/#website","url":"https:\/\/seegman.com\/en\/","name":"Seegman","description":"Servicios jur\u00eddicos de calidad para una inversi\u00f3n exigente.","publisher":{"@id":"https:\/\/seegman.com\/en\/#organization"},"potentialAction":[{"@type":"SearchAction","target":{"@type":"EntryPoint","urlTemplate":"https:\/\/seegman.com\/en\/?s={search_term_string}"},"query-input":{"@type":"PropertyValueSpecification","valueRequired":true,"valueName":"search_term_string"}}],"inLanguage":"en-US"},{"@type":"Organization","@id":"https:\/\/seegman.com\/en\/#organization","name":"Seegman","url":"https:\/\/seegman.com\/en\/","logo":{"@type":"ImageObject","inLanguage":"en-US","@id":"https:\/\/seegman.com\/en\/#\/schema\/logo\/image\/","url":"https:\/\/seegman.com\/wp-content\/uploads\/2020\/05\/logo_seegman_white.png","contentUrl":"https:\/\/seegman.com\/wp-content\/uploads\/2020\/05\/logo_seegman_white.png","width":600,"height":112,"caption":"Seegman"},"image":{"@id":"https:\/\/seegman.com\/en\/#\/schema\/logo\/image\/"}}]}},"_links":{"self":[{"href":"https:\/\/seegman.com\/en\/wp-json\/wp\/v2\/pages\/2600","targetHints":{"allow":["GET"]}}],"collection":[{"href":"https:\/\/seegman.com\/en\/wp-json\/wp\/v2\/pages"}],"about":[{"href":"https:\/\/seegman.com\/en\/wp-json\/wp\/v2\/types\/page"}],"author":[{"embeddable":true,"href":"https:\/\/seegman.com\/en\/wp-json\/wp\/v2\/users\/1"}],"replies":[{"embeddable":true,"href":"https:\/\/seegman.com\/en\/wp-json\/wp\/v2\/comments?post=2600"}],"version-history":[{"count":71,"href":"https:\/\/seegman.com\/en\/wp-json\/wp\/v2\/pages\/2600\/revisions"}],"predecessor-version":[{"id":18680,"href":"https:\/\/seegman.com\/en\/wp-json\/wp\/v2\/pages\/2600\/revisions\/18680"}],"up":[{"embeddable":true,"href":"https:\/\/seegman.com\/en\/wp-json\/wp\/v2\/pages\/2608"}],"wp:attachment":[{"href":"https:\/\/seegman.com\/en\/wp-json\/wp\/v2\/media?parent=2600"}],"curies":[{"name":"wp","href":"https:\/\/api.w.org\/{rel}","templated":true}]}}