{"id":9319,"date":"2023-09-01T12:06:38","date_gmt":"2023-09-01T12:06:38","guid":{"rendered":"https:\/\/seegman.com\/our-team\/inigo-guerra-ruiz-de-alegria\/"},"modified":"2026-02-27T09:47:03","modified_gmt":"2026-02-27T09:47:03","slug":"inigo-guerra-ruiz-de-alegria","status":"publish","type":"page","link":"https:\/\/seegman.com\/en\/our-team\/inigo-guerra-ruiz-de-alegria\/","title":{"rendered":"I\u00f1igo Guerra Ru\u00edz de Alegr\u00eda"},"content":{"rendered":"\t\t<div data-elementor-type=\"wp-page\" data-elementor-id=\"9319\" class=\"elementor elementor-9319 elementor-9281\" data-elementor-post-type=\"page\">\n\t\t\t\t\t\t<section class=\"elementor-section elementor-top-section elementor-element elementor-element-504933d1 elementor-section-height-min-height elementor-section-stretched elementor-section-content-middle elementor-section-boxed elementor-section-height-default elementor-section-items-middle\" data-id=\"504933d1\" data-element_type=\"section\" data-e-type=\"section\" data-settings=\"{&quot;background_background&quot;:&quot;classic&quot;,&quot;stretch_section&quot;:&quot;section-stretched&quot;}\">\n\t\t\t\t\t\t\t<div class=\"elementor-background-overlay\"><\/div>\n\t\t\t\t\t\t\t<div class=\"elementor-container elementor-column-gap-default\">\n\t\t\t\t\t<div class=\"elementor-column elementor-col-100 elementor-top-column elementor-element elementor-element-741f332a\" data-id=\"741f332a\" data-element_type=\"column\" data-e-type=\"column\" data-settings=\"{&quot;background_background&quot;:&quot;classic&quot;}\">\n\t\t\t<div class=\"elementor-widget-wrap\">\n\t\t\t\t\t<div class=\"elementor-background-overlay\"><\/div>\n\t\t\t\t\t\t\t<\/div>\n\t\t<\/div>\n\t\t\t\t\t<\/div>\n\t\t<\/section>\n\t\t\t\t<section class=\"elementor-section elementor-top-section elementor-element elementor-element-661d7da elementor-section-content-top elementor-section-stretched elementor-section-boxed elementor-section-height-default elementor-section-height-default\" data-id=\"661d7da\" data-element_type=\"section\" data-e-type=\"section\" data-settings=\"{&quot;background_background&quot;:&quot;classic&quot;,&quot;stretch_section&quot;:&quot;section-stretched&quot;}\">\n\t\t\t\t\t\t\t<div class=\"elementor-background-overlay\"><\/div>\n\t\t\t\t\t\t\t<div class=\"elementor-container elementor-column-gap-default\">\n\t\t\t\t\t<div class=\"elementor-column elementor-col-50 elementor-top-column elementor-element elementor-element-bd49d02\" data-id=\"bd49d02\" data-element_type=\"column\" data-e-type=\"column\">\n\t\t\t<div class=\"elementor-widget-wrap elementor-element-populated\">\n\t\t\t\t\t\t<div class=\"elementor-element elementor-element-cd896cb elementor-widget elementor-widget-image\" data-id=\"cd896cb\" data-element_type=\"widget\" data-e-type=\"widget\" data-widget_type=\"image.default\">\n\t\t\t\t<div class=\"elementor-widget-container\">\n\t\t\t\t\t\t\t\t\t\t\t\t\t\t\t<img fetchpriority=\"high\" decoding=\"async\" width=\"1100\" height=\"650\" src=\"https:\/\/seegman.com\/wp-content\/uploads\/2025\/01\/Inigo_Guerra_int.jpg\" class=\"attachment-full size-full wp-image-13346\" alt=\"Inigo guerra int\" srcset=\"https:\/\/seegman.com\/wp-content\/uploads\/2025\/01\/Inigo_Guerra_int.jpg 1100w, https:\/\/seegman.com\/wp-content\/uploads\/2025\/01\/Inigo_Guerra_int-300x177.jpg 300w, https:\/\/seegman.com\/wp-content\/uploads\/2025\/01\/Inigo_Guerra_int-1024x605.jpg 1024w, https:\/\/seegman.com\/wp-content\/uploads\/2025\/01\/Inigo_Guerra_int-768x454.jpg 768w\" sizes=\"(max-width: 1100px) 100vw, 1100px\" \/>\t\t\t\t\t\t\t\t\t\t\t\t\t\t\t<\/div>\n\t\t\t\t<\/div>\n\t\t\t\t\t<\/div>\n\t\t<\/div>\n\t\t\t\t<div class=\"elementor-column elementor-col-50 elementor-top-column elementor-element elementor-element-eed4367\" data-id=\"eed4367\" data-element_type=\"column\" data-e-type=\"column\">\n\t\t\t<div class=\"elementor-widget-wrap elementor-element-populated\">\n\t\t\t\t\t\t<div class=\"elementor-element elementor-element-8833d72 elementor-widget elementor-widget-heading\" data-id=\"8833d72\" data-element_type=\"widget\" data-e-type=\"widget\" data-widget_type=\"heading.default\">\n\t\t\t\t<div class=\"elementor-widget-container\">\n\t\t\t\t\t<h2 class=\"elementor-heading-title elementor-size-default\">I\u00f1igo Guerra Ru\u00edz de Alegr\u00eda<\/h2>\t\t\t\t<\/div>\n\t\t\t\t<\/div>\n\t\t\t\t<div class=\"elementor-element elementor-element-112150e elementor-widget elementor-widget-heading\" data-id=\"112150e\" data-element_type=\"widget\" data-e-type=\"widget\" data-widget_type=\"heading.default\">\n\t\t\t\t<div class=\"elementor-widget-container\">\n\t\t\t\t\t<h6 class=\"elementor-heading-title elementor-size-default\">LAWYER<\/h6>\t\t\t\t<\/div>\n\t\t\t\t<\/div>\n\t\t\t\t\t<\/div>\n\t\t<\/div>\n\t\t\t\t\t<\/div>\n\t\t<\/section>\n\t\t\t\t<section class=\"elementor-section elementor-top-section elementor-element elementor-element-7624faf3 elementor-section-content-middle elementor-section-stretched elementor-section-boxed elementor-section-height-default elementor-section-height-default\" data-id=\"7624faf3\" data-element_type=\"section\" data-e-type=\"section\" data-settings=\"{&quot;stretch_section&quot;:&quot;section-stretched&quot;}\">\n\t\t\t\t\t\t<div class=\"elementor-container elementor-column-gap-no\">\n\t\t\t\t\t<div class=\"elementor-column elementor-col-50 elementor-top-column elementor-element elementor-element-759ad73e\" data-id=\"759ad73e\" data-element_type=\"column\" data-e-type=\"column\">\n\t\t\t<div class=\"elementor-widget-wrap elementor-element-populated\">\n\t\t\t\t\t\t<div class=\"elementor-element elementor-element-13f70d01 elementor-widget elementor-widget-text-editor\" data-id=\"13f70d01\" data-element_type=\"widget\" data-e-type=\"widget\" data-widget_type=\"text-editor.default\">\n\t\t\t\t<div class=\"elementor-widget-container\">\n\t\t\t\t\t\t\t\t\t<p>PROFILE<\/p>\n\t\t\t\t\t\t\t\t<\/div>\n\t\t\t\t<\/div>\n\t\t\t\t<div class=\"elementor-element elementor-element-c6525e5 elementor-widget-divider--view-line elementor-widget elementor-widget-divider\" data-id=\"c6525e5\" data-element_type=\"widget\" data-e-type=\"widget\" data-widget_type=\"divider.default\">\n\t\t\t\t<div class=\"elementor-widget-container\">\n\t\t\t\t\t\t\t<div class=\"elementor-divider\">\n\t\t\t<span class=\"elementor-divider-separator\">\n\t\t\t\t\t\t<\/span>\n\t\t<\/div>\n\t\t\t\t\t\t<\/div>\n\t\t\t\t<\/div>\n\t\t\t\t<div class=\"elementor-element elementor-element-fa0e7de elementor-widget elementor-widget-text-editor\" data-id=\"fa0e7de\" data-element_type=\"widget\" data-e-type=\"widget\" data-widget_type=\"text-editor.default\">\n\t\t\t\t<div class=\"elementor-widget-container\">\n\t\t\t\t\t\t\t\t\t<p>\u00cd\u00f1igo is a corporate lawyer and part of the Corporate team at Seegman.<\/p><p>His main areas of practice include drafting, negotiating, and reviewing commercial contracts at both the national and international levels, providing active legal advice on real estate matters, and collaborating in corporate acquisitions, corporate restructuring, and M&amp;A transactions. He also has experience in managing corporate secretarial duties and preparing corporate documentation.<\/p>\t\t\t\t\t\t\t\t<\/div>\n\t\t\t\t<\/div>\n\t\t\t\t\t<\/div>\n\t\t<\/div>\n\t\t\t\t<div class=\"elementor-column elementor-col-50 elementor-top-column elementor-element elementor-element-583cdf4e\" data-id=\"583cdf4e\" data-element_type=\"column\" data-e-type=\"column\" data-settings=\"{&quot;background_background&quot;:&quot;classic&quot;}\">\n\t\t\t<div class=\"elementor-widget-wrap elementor-element-populated\">\n\t\t\t\t\t\t<div class=\"elementor-element elementor-element-53d9fb93 elementor-widget elementor-widget-text-editor\" data-id=\"53d9fb93\" data-element_type=\"widget\" data-e-type=\"widget\" data-widget_type=\"text-editor.default\">\n\t\t\t\t<div class=\"elementor-widget-container\">\n\t\t\t\t\t\t\t\t\t<p>EDUCATION<\/p>\n\t\t\t\t\t\t\t\t<\/div>\n\t\t\t\t<\/div>\n\t\t\t\t<div class=\"elementor-element elementor-element-1b9c50de elementor-widget-divider--view-line elementor-widget elementor-widget-divider\" data-id=\"1b9c50de\" data-element_type=\"widget\" data-e-type=\"widget\" data-widget_type=\"divider.default\">\n\t\t\t\t<div class=\"elementor-widget-container\">\n\t\t\t\t\t\t\t<div class=\"elementor-divider\">\n\t\t\t<span class=\"elementor-divider-separator\">\n\t\t\t\t\t\t<\/span>\n\t\t<\/div>\n\t\t\t\t\t\t<\/div>\n\t\t\t\t<\/div>\n\t\t\t\t<div class=\"elementor-element elementor-element-1f1c5688 elementor-widget elementor-widget-text-editor\" data-id=\"1f1c5688\" data-element_type=\"widget\" data-e-type=\"widget\" data-widget_type=\"text-editor.default\">\n\t\t\t\t<div class=\"elementor-widget-container\">\n\t\t\t\t\t\t\t\t\t<p>Graduate in Law from the Universidad San Pablo &#8211; CEU.<\/p>\n<p>Master Degree in Business Legal Practice from Centro de Estudios Garrigues.<\/p>\t\t\t\t\t\t\t\t<\/div>\n\t\t\t\t<\/div>\n\t\t\t\t<div class=\"elementor-element elementor-element-2bb633cc elementor-widget elementor-widget-text-editor\" data-id=\"2bb633cc\" data-element_type=\"widget\" data-e-type=\"widget\" data-widget_type=\"text-editor.default\">\n\t\t\t\t<div class=\"elementor-widget-container\">\n\t\t\t\t\t\t\t\t\tCONTACT\t\t\t\t\t\t\t\t<\/div>\n\t\t\t\t<\/div>\n\t\t\t\t<div class=\"elementor-element elementor-element-790dd6d3 elementor-widget-divider--view-line elementor-widget elementor-widget-divider\" data-id=\"790dd6d3\" data-element_type=\"widget\" data-e-type=\"widget\" data-widget_type=\"divider.default\">\n\t\t\t\t<div class=\"elementor-widget-container\">\n\t\t\t\t\t\t\t<div class=\"elementor-divider\">\n\t\t\t<span class=\"elementor-divider-separator\">\n\t\t\t\t\t\t<\/span>\n\t\t<\/div>\n\t\t\t\t\t\t<\/div>\n\t\t\t\t<\/div>\n\t\t\t\t<div class=\"elementor-element elementor-element-4c9b61f elementor-widget elementor-widget-text-editor\" data-id=\"4c9b61f\" data-element_type=\"widget\" data-e-type=\"widget\" data-widget_type=\"text-editor.default\">\n\t\t\t\t<div class=\"elementor-widget-container\">\n\t\t\t\t\t\t\t\t\t<p><a href=\"mailto:iguerra@seegman.com\">iguerra@seegman.com<\/a><\/p>\t\t\t\t\t\t\t\t<\/div>\n\t\t\t\t<\/div>\n\t\t\t\t<div class=\"elementor-element elementor-element-a21d1d7 elementor-widget elementor-widget-text-editor\" data-id=\"a21d1d7\" data-element_type=\"widget\" data-e-type=\"widget\" data-widget_type=\"text-editor.default\">\n\t\t\t\t<div class=\"elementor-widget-container\">\n\t\t\t\t\t\t\t\t\t<p>+34 91 080 09 29<\/p><p>Paseo de la Castellana 53, 1\u00aa planta\u00a0 28046. Madrid<\/p>\t\t\t\t\t\t\t\t<\/div>\n\t\t\t\t<\/div>\n\t\t\t\t<div class=\"elementor-element elementor-element-9cd3b51 elementor-icon-list--layout-traditional elementor-list-item-link-full_width elementor-widget elementor-widget-icon-list\" data-id=\"9cd3b51\" data-element_type=\"widget\" data-e-type=\"widget\" data-widget_type=\"icon-list.default\">\n\t\t\t\t<div class=\"elementor-widget-container\">\n\t\t\t\t\t\t\t<ul class=\"elementor-icon-list-items\">\n\t\t\t\t\t\t\t<li class=\"elementor-icon-list-item\">\n\t\t\t\t\t\t\t\t\t\t\t<a href=\"https:\/\/www.linkedin.com\/in\/i%C3%B1igo-guerra-ruiz-de-alegr%C3%ADa-b515a1216\/\" target=\"_blank\">\n\n\t\t\t\t\t\t\t\t\t\t\t\t<span class=\"elementor-icon-list-icon\">\n\t\t\t\t\t\t\t<i aria-hidden=\"true\" class=\"fab fa-linkedin-in\"><\/i>\t\t\t\t\t\t<\/span>\n\t\t\t\t\t\t\t\t\t\t<span class=\"elementor-icon-list-text\"><\/span>\n\t\t\t\t\t\t\t\t\t\t\t<\/a>\n\t\t\t\t\t\t\t\t\t<\/li>\n\t\t\t\t\t\t<\/ul>\n\t\t\t\t\t\t<\/div>\n\t\t\t\t<\/div>\n\t\t\t\t\t<\/div>\n\t\t<\/div>\n\t\t\t\t\t<\/div>\n\t\t<\/section>\n\t\t\t\t<section class=\"elementor-section elementor-top-section elementor-element elementor-element-7dd0f30a elementor-section-content-middle elementor-section-stretched elementor-section-boxed elementor-section-height-default elementor-section-height-default\" data-id=\"7dd0f30a\" data-element_type=\"section\" data-e-type=\"section\" data-settings=\"{&quot;background_background&quot;:&quot;classic&quot;,&quot;stretch_section&quot;:&quot;section-stretched&quot;}\">\n\t\t\t\t\t\t\t<div class=\"elementor-background-overlay\"><\/div>\n\t\t\t\t\t\t\t<div class=\"elementor-container elementor-column-gap-no\">\n\t\t\t\t\t<div class=\"elementor-column elementor-col-100 elementor-top-column elementor-element elementor-element-70763df3\" data-id=\"70763df3\" data-element_type=\"column\" data-e-type=\"column\" data-settings=\"{&quot;background_background&quot;:&quot;classic&quot;}\">\n\t\t\t<div class=\"elementor-widget-wrap elementor-element-populated\">\n\t\t\t\t\t\t<div class=\"elementor-element elementor-element-7d9a5d3a elementor-align-center elementor-widget elementor-widget-button\" data-id=\"7d9a5d3a\" data-element_type=\"widget\" data-e-type=\"widget\" data-widget_type=\"button.default\">\n\t\t\t\t<div class=\"elementor-widget-container\">\n\t\t\t\t\t\t\t\t\t<div class=\"elementor-button-wrapper\">\n\t\t\t\t\t<a class=\"elementor-button elementor-button-link elementor-size-sm\" href=\"https:\/\/seegman.com\/en\/our-team\/\">\n\t\t\t\t\t\t<span class=\"elementor-button-content-wrapper\">\n\t\t\t\t\t\t<span class=\"elementor-button-icon\">\n\t\t\t\t<i aria-hidden=\"true\" class=\"fas fa-angle-left\"><\/i>\t\t\t<\/span>\n\t\t\t\t\t\t\t\t\t<span class=\"elementor-button-text\">TEAM<\/span>\n\t\t\t\t\t<\/span>\n\t\t\t\t\t<\/a>\n\t\t\t\t<\/div>\n\t\t\t\t\t\t\t\t<\/div>\n\t\t\t\t<\/div>\n\t\t\t\t\t<\/div>\n\t\t<\/div>\n\t\t\t\t\t<\/div>\n\t\t<\/section>\n\t\t\t\t<\/div>\n\t\t","protected":false},"excerpt":{"rendered":"<p>I\u00f1igo Guerra Ru\u00edz de Alegr\u00eda LAWYER PROFILE \u00cd\u00f1igo is a corporate lawyer and part of the Corporate team at Seegman. His main areas of practice include drafting, negotiating, and reviewing commercial contracts at both the national and international levels, providing active legal advice on real estate matters, and collaborating in corporate acquisitions, corporate restructuring, and [&hellip;]<\/p>\n","protected":false},"author":1,"featured_media":0,"parent":2608,"menu_order":11,"comment_status":"closed","ping_status":"closed","template":"elementor_header_footer","meta":{"footnotes":""},"class_list":["post-9319","page","type-page","status-publish","hentry"],"yoast_head":"<!-- This site is optimized with the Yoast SEO plugin v27.3 - https:\/\/yoast.com\/product\/yoast-seo-wordpress\/ -->\n<title>I\u00f1igo Guerra Ru\u00edz de Alegr\u00eda<\/title>\n<meta name=\"description\" content=\"Graduate in Law from the Universidad San Pablo - CEU. Master&#039;s Degree in Business Legal Practice from Centro de Estudios Garrigues.\" \/>\n<meta name=\"robots\" content=\"index, follow, max-snippet:-1, max-image-preview:large, max-video-preview:-1\" \/>\n<link rel=\"canonical\" href=\"https:\/\/seegman.com\/en\/our-team\/inigo-guerra-ruiz-de-alegria\/\" \/>\n<meta property=\"og:locale\" content=\"en_US\" \/>\n<meta property=\"og:type\" content=\"article\" \/>\n<meta property=\"og:title\" content=\"I\u00f1igo Guerra Ru\u00edz de Alegr\u00eda\" \/>\n<meta property=\"og:description\" content=\"Graduate in Law from the Universidad San Pablo - CEU. Master&#039;s Degree in Business Legal Practice from Centro de Estudios Garrigues.\" \/>\n<meta property=\"og:url\" content=\"https:\/\/seegman.com\/en\/our-team\/inigo-guerra-ruiz-de-alegria\/\" \/>\n<meta property=\"og:site_name\" content=\"Seegman\" \/>\n<meta property=\"article:modified_time\" content=\"2026-02-27T09:47:03+00:00\" \/>\n<meta property=\"og:image\" content=\"https:\/\/seegman.com\/wp-content\/uploads\/2025\/01\/Inigo_Guerra_int.jpg\" \/>\n\t<meta property=\"og:image:width\" content=\"1100\" \/>\n\t<meta property=\"og:image:height\" content=\"650\" \/>\n\t<meta property=\"og:image:type\" content=\"image\/jpeg\" \/>\n<meta name=\"twitter:card\" content=\"summary_large_image\" \/>\n<meta name=\"twitter:label1\" content=\"Est. reading time\" \/>\n\t<meta name=\"twitter:data1\" content=\"1 minute\" \/>\n<script type=\"application\/ld+json\" class=\"yoast-schema-graph\">{\"@context\":\"https:\\\/\\\/schema.org\",\"@graph\":[{\"@type\":\"WebPage\",\"@id\":\"https:\\\/\\\/seegman.com\\\/en\\\/our-team\\\/inigo-guerra-ruiz-de-alegria\\\/\",\"url\":\"https:\\\/\\\/seegman.com\\\/en\\\/our-team\\\/inigo-guerra-ruiz-de-alegria\\\/\",\"name\":\"I\u00f1igo Guerra Ru\u00edz de Alegr\u00eda\",\"isPartOf\":{\"@id\":\"https:\\\/\\\/seegman.com\\\/en\\\/#website\"},\"primaryImageOfPage\":{\"@id\":\"https:\\\/\\\/seegman.com\\\/en\\\/our-team\\\/inigo-guerra-ruiz-de-alegria\\\/#primaryimage\"},\"image\":{\"@id\":\"https:\\\/\\\/seegman.com\\\/en\\\/our-team\\\/inigo-guerra-ruiz-de-alegria\\\/#primaryimage\"},\"thumbnailUrl\":\"https:\\\/\\\/seegman.com\\\/wp-content\\\/uploads\\\/2025\\\/01\\\/Inigo_Guerra_int.jpg\",\"datePublished\":\"2023-09-01T12:06:38+00:00\",\"dateModified\":\"2026-02-27T09:47:03+00:00\",\"description\":\"Graduate in Law from the Universidad San Pablo - CEU. Master's Degree in Business Legal Practice from Centro de Estudios Garrigues.\",\"breadcrumb\":{\"@id\":\"https:\\\/\\\/seegman.com\\\/en\\\/our-team\\\/inigo-guerra-ruiz-de-alegria\\\/#breadcrumb\"},\"inLanguage\":\"en-US\",\"potentialAction\":[{\"@type\":\"ReadAction\",\"target\":[\"https:\\\/\\\/seegman.com\\\/en\\\/our-team\\\/inigo-guerra-ruiz-de-alegria\\\/\"]}]},{\"@type\":\"ImageObject\",\"inLanguage\":\"en-US\",\"@id\":\"https:\\\/\\\/seegman.com\\\/en\\\/our-team\\\/inigo-guerra-ruiz-de-alegria\\\/#primaryimage\",\"url\":\"https:\\\/\\\/seegman.com\\\/wp-content\\\/uploads\\\/2025\\\/01\\\/Inigo_Guerra_int.jpg\",\"contentUrl\":\"https:\\\/\\\/seegman.com\\\/wp-content\\\/uploads\\\/2025\\\/01\\\/Inigo_Guerra_int.jpg\"},{\"@type\":\"BreadcrumbList\",\"@id\":\"https:\\\/\\\/seegman.com\\\/en\\\/our-team\\\/inigo-guerra-ruiz-de-alegria\\\/#breadcrumb\",\"itemListElement\":[{\"@type\":\"ListItem\",\"position\":1,\"name\":\"Home\",\"item\":\"https:\\\/\\\/seegman.com\\\/en\\\/\"},{\"@type\":\"ListItem\",\"position\":2,\"name\":\"TEAM\",\"item\":\"https:\\\/\\\/seegman.com\\\/en\\\/equipo\\\/\"},{\"@type\":\"ListItem\",\"position\":3,\"name\":\"I\u00f1igo Guerra Ru\u00edz de Alegr\u00eda\"}]},{\"@type\":\"WebSite\",\"@id\":\"https:\\\/\\\/seegman.com\\\/en\\\/#website\",\"url\":\"https:\\\/\\\/seegman.com\\\/en\\\/\",\"name\":\"Seegman\",\"description\":\"Servicios jur\u00eddicos de calidad para una inversi\u00f3n exigente.\",\"publisher\":{\"@id\":\"https:\\\/\\\/seegman.com\\\/en\\\/#organization\"},\"potentialAction\":[{\"@type\":\"SearchAction\",\"target\":{\"@type\":\"EntryPoint\",\"urlTemplate\":\"https:\\\/\\\/seegman.com\\\/en\\\/?s={search_term_string}\"},\"query-input\":{\"@type\":\"PropertyValueSpecification\",\"valueRequired\":true,\"valueName\":\"search_term_string\"}}],\"inLanguage\":\"en-US\"},{\"@type\":\"Organization\",\"@id\":\"https:\\\/\\\/seegman.com\\\/en\\\/#organization\",\"name\":\"Seegman\",\"url\":\"https:\\\/\\\/seegman.com\\\/en\\\/\",\"logo\":{\"@type\":\"ImageObject\",\"inLanguage\":\"en-US\",\"@id\":\"https:\\\/\\\/seegman.com\\\/en\\\/#\\\/schema\\\/logo\\\/image\\\/\",\"url\":\"https:\\\/\\\/seegman.com\\\/wp-content\\\/uploads\\\/2020\\\/05\\\/logo_seegman_white.png\",\"contentUrl\":\"https:\\\/\\\/seegman.com\\\/wp-content\\\/uploads\\\/2020\\\/05\\\/logo_seegman_white.png\",\"width\":600,\"height\":112,\"caption\":\"Seegman\"},\"image\":{\"@id\":\"https:\\\/\\\/seegman.com\\\/en\\\/#\\\/schema\\\/logo\\\/image\\\/\"}}]}<\/script>\n<!-- \/ Yoast SEO plugin. -->","yoast_head_json":{"title":"I\u00f1igo Guerra Ru\u00edz de Alegr\u00eda","description":"Graduate in Law from the Universidad San Pablo - CEU. Master's Degree in Business Legal Practice from Centro de Estudios Garrigues.","robots":{"index":"index","follow":"follow","max-snippet":"max-snippet:-1","max-image-preview":"max-image-preview:large","max-video-preview":"max-video-preview:-1"},"canonical":"https:\/\/seegman.com\/en\/our-team\/inigo-guerra-ruiz-de-alegria\/","og_locale":"en_US","og_type":"article","og_title":"I\u00f1igo Guerra Ru\u00edz de Alegr\u00eda","og_description":"Graduate in Law from the Universidad San Pablo - CEU. Master's Degree in Business Legal Practice from Centro de Estudios Garrigues.","og_url":"https:\/\/seegman.com\/en\/our-team\/inigo-guerra-ruiz-de-alegria\/","og_site_name":"Seegman","article_modified_time":"2026-02-27T09:47:03+00:00","og_image":[{"width":1100,"height":650,"url":"https:\/\/seegman.com\/wp-content\/uploads\/2025\/01\/Inigo_Guerra_int.jpg","type":"image\/jpeg"}],"twitter_card":"summary_large_image","twitter_misc":{"Est. reading time":"1 minute"},"schema":{"@context":"https:\/\/schema.org","@graph":[{"@type":"WebPage","@id":"https:\/\/seegman.com\/en\/our-team\/inigo-guerra-ruiz-de-alegria\/","url":"https:\/\/seegman.com\/en\/our-team\/inigo-guerra-ruiz-de-alegria\/","name":"I\u00f1igo Guerra Ru\u00edz de Alegr\u00eda","isPartOf":{"@id":"https:\/\/seegman.com\/en\/#website"},"primaryImageOfPage":{"@id":"https:\/\/seegman.com\/en\/our-team\/inigo-guerra-ruiz-de-alegria\/#primaryimage"},"image":{"@id":"https:\/\/seegman.com\/en\/our-team\/inigo-guerra-ruiz-de-alegria\/#primaryimage"},"thumbnailUrl":"https:\/\/seegman.com\/wp-content\/uploads\/2025\/01\/Inigo_Guerra_int.jpg","datePublished":"2023-09-01T12:06:38+00:00","dateModified":"2026-02-27T09:47:03+00:00","description":"Graduate in Law from the Universidad San Pablo - CEU. Master's Degree in Business Legal Practice from Centro de Estudios Garrigues.","breadcrumb":{"@id":"https:\/\/seegman.com\/en\/our-team\/inigo-guerra-ruiz-de-alegria\/#breadcrumb"},"inLanguage":"en-US","potentialAction":[{"@type":"ReadAction","target":["https:\/\/seegman.com\/en\/our-team\/inigo-guerra-ruiz-de-alegria\/"]}]},{"@type":"ImageObject","inLanguage":"en-US","@id":"https:\/\/seegman.com\/en\/our-team\/inigo-guerra-ruiz-de-alegria\/#primaryimage","url":"https:\/\/seegman.com\/wp-content\/uploads\/2025\/01\/Inigo_Guerra_int.jpg","contentUrl":"https:\/\/seegman.com\/wp-content\/uploads\/2025\/01\/Inigo_Guerra_int.jpg"},{"@type":"BreadcrumbList","@id":"https:\/\/seegman.com\/en\/our-team\/inigo-guerra-ruiz-de-alegria\/#breadcrumb","itemListElement":[{"@type":"ListItem","position":1,"name":"Home","item":"https:\/\/seegman.com\/en\/"},{"@type":"ListItem","position":2,"name":"TEAM","item":"https:\/\/seegman.com\/en\/equipo\/"},{"@type":"ListItem","position":3,"name":"I\u00f1igo Guerra Ru\u00edz de Alegr\u00eda"}]},{"@type":"WebSite","@id":"https:\/\/seegman.com\/en\/#website","url":"https:\/\/seegman.com\/en\/","name":"Seegman","description":"Servicios jur\u00eddicos de calidad para una inversi\u00f3n exigente.","publisher":{"@id":"https:\/\/seegman.com\/en\/#organization"},"potentialAction":[{"@type":"SearchAction","target":{"@type":"EntryPoint","urlTemplate":"https:\/\/seegman.com\/en\/?s={search_term_string}"},"query-input":{"@type":"PropertyValueSpecification","valueRequired":true,"valueName":"search_term_string"}}],"inLanguage":"en-US"},{"@type":"Organization","@id":"https:\/\/seegman.com\/en\/#organization","name":"Seegman","url":"https:\/\/seegman.com\/en\/","logo":{"@type":"ImageObject","inLanguage":"en-US","@id":"https:\/\/seegman.com\/en\/#\/schema\/logo\/image\/","url":"https:\/\/seegman.com\/wp-content\/uploads\/2020\/05\/logo_seegman_white.png","contentUrl":"https:\/\/seegman.com\/wp-content\/uploads\/2020\/05\/logo_seegman_white.png","width":600,"height":112,"caption":"Seegman"},"image":{"@id":"https:\/\/seegman.com\/en\/#\/schema\/logo\/image\/"}}]}},"_links":{"self":[{"href":"https:\/\/seegman.com\/en\/wp-json\/wp\/v2\/pages\/9319","targetHints":{"allow":["GET"]}}],"collection":[{"href":"https:\/\/seegman.com\/en\/wp-json\/wp\/v2\/pages"}],"about":[{"href":"https:\/\/seegman.com\/en\/wp-json\/wp\/v2\/types\/page"}],"author":[{"embeddable":true,"href":"https:\/\/seegman.com\/en\/wp-json\/wp\/v2\/users\/1"}],"replies":[{"embeddable":true,"href":"https:\/\/seegman.com\/en\/wp-json\/wp\/v2\/comments?post=9319"}],"version-history":[{"count":32,"href":"https:\/\/seegman.com\/en\/wp-json\/wp\/v2\/pages\/9319\/revisions"}],"predecessor-version":[{"id":18152,"href":"https:\/\/seegman.com\/en\/wp-json\/wp\/v2\/pages\/9319\/revisions\/18152"}],"up":[{"embeddable":true,"href":"https:\/\/seegman.com\/en\/wp-json\/wp\/v2\/pages\/2608"}],"wp:attachment":[{"href":"https:\/\/seegman.com\/en\/wp-json\/wp\/v2\/media?parent=9319"}],"curies":[{"name":"wp","href":"https:\/\/api.w.org\/{rel}","templated":true}]}}