{"id":9420,"date":"2023-11-16T13:56:17","date_gmt":"2023-11-16T13:56:17","guid":{"rendered":"https:\/\/seegman.com\/our-team\/estefania-garcia-sanchez\/"},"modified":"2026-03-24T12:37:15","modified_gmt":"2026-03-24T12:37:15","slug":"estefania-garcia-sanchez","status":"publish","type":"page","link":"https:\/\/seegman.com\/en\/our-team\/estefania-garcia-sanchez\/","title":{"rendered":"Estefan\u00eda Garc\u00eda S\u00e1nchez"},"content":{"rendered":"\t\t<div data-elementor-type=\"wp-page\" data-elementor-id=\"9420\" class=\"elementor elementor-9420 elementor-9413\" data-elementor-post-type=\"page\">\n\t\t\t\t\t\t<section class=\"elementor-section elementor-top-section elementor-element elementor-element-504933d1 elementor-section-height-min-height elementor-section-stretched elementor-section-content-middle elementor-section-boxed elementor-section-height-default elementor-section-items-middle\" data-id=\"504933d1\" data-element_type=\"section\" data-e-type=\"section\" data-settings=\"{&quot;background_background&quot;:&quot;classic&quot;,&quot;stretch_section&quot;:&quot;section-stretched&quot;}\">\n\t\t\t\t\t\t\t<div class=\"elementor-background-overlay\"><\/div>\n\t\t\t\t\t\t\t<div class=\"elementor-container elementor-column-gap-default\">\n\t\t\t\t\t<div class=\"elementor-column elementor-col-100 elementor-top-column elementor-element elementor-element-741f332a\" data-id=\"741f332a\" data-element_type=\"column\" data-e-type=\"column\" data-settings=\"{&quot;background_background&quot;:&quot;classic&quot;}\">\n\t\t\t<div class=\"elementor-widget-wrap\">\n\t\t\t\t\t<div class=\"elementor-background-overlay\"><\/div>\n\t\t\t\t\t\t\t<\/div>\n\t\t<\/div>\n\t\t\t\t\t<\/div>\n\t\t<\/section>\n\t\t\t\t<section class=\"elementor-section elementor-top-section elementor-element elementor-element-661d7da elementor-section-content-top elementor-section-stretched elementor-section-boxed elementor-section-height-default elementor-section-height-default\" data-id=\"661d7da\" data-element_type=\"section\" data-e-type=\"section\" data-settings=\"{&quot;background_background&quot;:&quot;classic&quot;,&quot;stretch_section&quot;:&quot;section-stretched&quot;}\">\n\t\t\t\t\t\t\t<div class=\"elementor-background-overlay\"><\/div>\n\t\t\t\t\t\t\t<div class=\"elementor-container elementor-column-gap-default\">\n\t\t\t\t\t<div class=\"elementor-column elementor-col-50 elementor-top-column elementor-element elementor-element-bd49d02\" data-id=\"bd49d02\" data-element_type=\"column\" data-e-type=\"column\">\n\t\t\t<div class=\"elementor-widget-wrap elementor-element-populated\">\n\t\t\t\t\t\t<div class=\"elementor-element elementor-element-cd896cb elementor-widget elementor-widget-image\" data-id=\"cd896cb\" data-element_type=\"widget\" data-e-type=\"widget\" data-widget_type=\"image.default\">\n\t\t\t\t<div class=\"elementor-widget-container\">\n\t\t\t\t\t\t\t\t\t\t\t\t\t\t\t<img fetchpriority=\"high\" decoding=\"async\" width=\"1100\" height=\"650\" src=\"https:\/\/seegman.com\/wp-content\/uploads\/2025\/01\/Estefania_garcia_int.jpg\" class=\"attachment-full size-full wp-image-13340\" alt=\"Estefania garcia int\" srcset=\"https:\/\/seegman.com\/wp-content\/uploads\/2025\/01\/Estefania_garcia_int.jpg 1100w, https:\/\/seegman.com\/wp-content\/uploads\/2025\/01\/Estefania_garcia_int-300x177.jpg 300w, https:\/\/seegman.com\/wp-content\/uploads\/2025\/01\/Estefania_garcia_int-1024x605.jpg 1024w, https:\/\/seegman.com\/wp-content\/uploads\/2025\/01\/Estefania_garcia_int-768x454.jpg 768w\" sizes=\"(max-width: 1100px) 100vw, 1100px\" \/>\t\t\t\t\t\t\t\t\t\t\t\t\t\t\t<\/div>\n\t\t\t\t<\/div>\n\t\t\t\t\t<\/div>\n\t\t<\/div>\n\t\t\t\t<div class=\"elementor-column elementor-col-50 elementor-top-column elementor-element elementor-element-eed4367\" data-id=\"eed4367\" data-element_type=\"column\" data-e-type=\"column\">\n\t\t\t<div class=\"elementor-widget-wrap elementor-element-populated\">\n\t\t\t\t\t\t<div class=\"elementor-element elementor-element-8833d72 elementor-widget elementor-widget-heading\" data-id=\"8833d72\" data-element_type=\"widget\" data-e-type=\"widget\" data-widget_type=\"heading.default\">\n\t\t\t\t<div class=\"elementor-widget-container\">\n\t\t\t\t\t<h2 class=\"elementor-heading-title elementor-size-default\">Estefan\u00eda Garc\u00eda S\u00e1nchez<\/h2>\t\t\t\t<\/div>\n\t\t\t\t<\/div>\n\t\t\t\t<div class=\"elementor-element elementor-element-112150e elementor-widget elementor-widget-heading\" data-id=\"112150e\" data-element_type=\"widget\" data-e-type=\"widget\" data-widget_type=\"heading.default\">\n\t\t\t\t<div class=\"elementor-widget-container\">\n\t\t\t\t\t<h6 class=\"elementor-heading-title elementor-size-default\">SENIOR LAWYER<\/h6>\t\t\t\t<\/div>\n\t\t\t\t<\/div>\n\t\t\t\t\t<\/div>\n\t\t<\/div>\n\t\t\t\t\t<\/div>\n\t\t<\/section>\n\t\t\t\t<section class=\"elementor-section elementor-top-section elementor-element elementor-element-19adfb1c elementor-section-content-middle elementor-section-stretched elementor-section-boxed elementor-section-height-default elementor-section-height-default\" data-id=\"19adfb1c\" data-element_type=\"section\" data-e-type=\"section\" data-settings=\"{&quot;stretch_section&quot;:&quot;section-stretched&quot;}\">\n\t\t\t\t\t\t<div class=\"elementor-container elementor-column-gap-no\">\n\t\t\t\t\t<div class=\"elementor-column elementor-col-50 elementor-top-column elementor-element elementor-element-4f3e6c9e\" data-id=\"4f3e6c9e\" data-element_type=\"column\" data-e-type=\"column\">\n\t\t\t<div class=\"elementor-widget-wrap elementor-element-populated\">\n\t\t\t\t\t\t<div class=\"elementor-element elementor-element-616ecdbc elementor-widget elementor-widget-text-editor\" data-id=\"616ecdbc\" data-element_type=\"widget\" data-e-type=\"widget\" data-widget_type=\"text-editor.default\">\n\t\t\t\t<div class=\"elementor-widget-container\">\n\t\t\t\t\t\t\t\t\t<p>PROFILE<\/p>\t\t\t\t\t\t\t\t<\/div>\n\t\t\t\t<\/div>\n\t\t\t\t<div class=\"elementor-element elementor-element-8c8634d elementor-widget-divider--view-line elementor-widget elementor-widget-divider\" data-id=\"8c8634d\" data-element_type=\"widget\" data-e-type=\"widget\" data-widget_type=\"divider.default\">\n\t\t\t\t<div class=\"elementor-widget-container\">\n\t\t\t\t\t\t\t<div class=\"elementor-divider\">\n\t\t\t<span class=\"elementor-divider-separator\">\n\t\t\t\t\t\t<\/span>\n\t\t<\/div>\n\t\t\t\t\t\t<\/div>\n\t\t\t\t<\/div>\n\t\t\t\t<div class=\"elementor-element elementor-element-6e6e8fb elementor-widget elementor-widget-text-editor\" data-id=\"6e6e8fb\" data-element_type=\"widget\" data-e-type=\"widget\" data-widget_type=\"text-editor.default\">\n\t\t\t\t<div class=\"elementor-widget-container\">\n\t\t\t\t\t\t\t\t\t<p>Estefan\u00eda is a senior lawyer in Seegman\u2019s Corporate Governance team, specializing in comprehensive legal advice on corporate governance, with a particular focus on foreign companies operating in Spain. She also has extensive experience in the establishment and purchase of investment vehicle companies.<\/p><p>Throughout her professional career, she has led, coordinated, and supervised various operations involving both national and international companies, providing strategic legal advice in areas such as labor law and procedural law.<\/p><p>Currently, her practice focuses on corporate secretarial services and the preparation and formalization of corporate agreements for investment vehicle companies. She customizes each operation to meet the specific needs of her clients, taking into account their business model and economic activity.<\/p><p>\u00a0<\/p>\t\t\t\t\t\t\t\t<\/div>\n\t\t\t\t<\/div>\n\t\t\t\t\t<\/div>\n\t\t<\/div>\n\t\t\t\t<div class=\"elementor-column elementor-col-50 elementor-top-column elementor-element elementor-element-2aac6645\" data-id=\"2aac6645\" data-element_type=\"column\" data-e-type=\"column\" data-settings=\"{&quot;background_background&quot;:&quot;classic&quot;}\">\n\t\t\t<div class=\"elementor-widget-wrap elementor-element-populated\">\n\t\t\t\t\t\t<div class=\"elementor-element elementor-element-93c211a elementor-widget elementor-widget-text-editor\" data-id=\"93c211a\" data-element_type=\"widget\" data-e-type=\"widget\" data-widget_type=\"text-editor.default\">\n\t\t\t\t<div class=\"elementor-widget-container\">\n\t\t\t\t\t\t\t\t\t<p>EDUCATION<\/p>\t\t\t\t\t\t\t\t<\/div>\n\t\t\t\t<\/div>\n\t\t\t\t<div class=\"elementor-element elementor-element-6f8763c4 elementor-widget-divider--view-line elementor-widget elementor-widget-divider\" data-id=\"6f8763c4\" data-element_type=\"widget\" data-e-type=\"widget\" data-widget_type=\"divider.default\">\n\t\t\t\t<div class=\"elementor-widget-container\">\n\t\t\t\t\t\t\t<div class=\"elementor-divider\">\n\t\t\t<span class=\"elementor-divider-separator\">\n\t\t\t\t\t\t<\/span>\n\t\t<\/div>\n\t\t\t\t\t\t<\/div>\n\t\t\t\t<\/div>\n\t\t\t\t<div class=\"elementor-element elementor-element-0ca741c elementor-widget elementor-widget-text-editor\" data-id=\"0ca741c\" data-element_type=\"widget\" data-e-type=\"widget\" data-widget_type=\"text-editor.default\">\n\t\t\t\t<div class=\"elementor-widget-container\">\n\t\t\t\t\t\t\t\t\t<p>Degree in Law and a specialized degree in Legal-Community Law from CEU San Pablo Universidad.<\/p><p>Master&#8217;s Degree in Access to the Legal Profession and Legal Advice from IE Law School.<\/p>\t\t\t\t\t\t\t\t<\/div>\n\t\t\t\t<\/div>\n\t\t\t\t<div class=\"elementor-element elementor-element-84ada4a elementor-widget elementor-widget-text-editor\" data-id=\"84ada4a\" data-element_type=\"widget\" data-e-type=\"widget\" data-widget_type=\"text-editor.default\">\n\t\t\t\t<div class=\"elementor-widget-container\">\n\t\t\t\t\t\t\t\t\t<p>CONTACT<\/p>\t\t\t\t\t\t\t\t<\/div>\n\t\t\t\t<\/div>\n\t\t\t\t<div class=\"elementor-element elementor-element-5038d25 elementor-widget-divider--view-line elementor-widget elementor-widget-divider\" data-id=\"5038d25\" data-element_type=\"widget\" data-e-type=\"widget\" data-widget_type=\"divider.default\">\n\t\t\t\t<div class=\"elementor-widget-container\">\n\t\t\t\t\t\t\t<div class=\"elementor-divider\">\n\t\t\t<span class=\"elementor-divider-separator\">\n\t\t\t\t\t\t<\/span>\n\t\t<\/div>\n\t\t\t\t\t\t<\/div>\n\t\t\t\t<\/div>\n\t\t\t\t<div class=\"elementor-element elementor-element-46d0c72e elementor-widget elementor-widget-text-editor\" data-id=\"46d0c72e\" data-element_type=\"widget\" data-e-type=\"widget\" data-widget_type=\"text-editor.default\">\n\t\t\t\t<div class=\"elementor-widget-container\">\n\t\t\t\t\t\t\t\t\t<p><a href=\"mailto:egarcia@seegman.com\" target=\"_blank\" rel=\"noopener\">egarcia@seegman.com<\/a>\u00a0<\/p>\t\t\t\t\t\t\t\t<\/div>\n\t\t\t\t<\/div>\n\t\t\t\t<div class=\"elementor-element elementor-element-7cdd5e3 elementor-widget elementor-widget-text-editor\" data-id=\"7cdd5e3\" data-element_type=\"widget\" data-e-type=\"widget\" data-widget_type=\"text-editor.default\">\n\t\t\t\t<div class=\"elementor-widget-container\">\n\t\t\t\t\t\t\t\t\t<p>+34 91 080 09 29<\/p>\n<p>Paseo de la Castellana 53, 1\u00aa planta&nbsp; 28046. Madrid<\/p>\t\t\t\t\t\t\t\t<\/div>\n\t\t\t\t<\/div>\n\t\t\t\t<div class=\"elementor-element elementor-element-ffbfc5d elementor-icon-list--layout-traditional elementor-list-item-link-full_width elementor-widget elementor-widget-icon-list\" data-id=\"ffbfc5d\" data-element_type=\"widget\" data-e-type=\"widget\" data-widget_type=\"icon-list.default\">\n\t\t\t\t<div class=\"elementor-widget-container\">\n\t\t\t\t\t\t\t<ul class=\"elementor-icon-list-items\">\n\t\t\t\t\t\t\t<li class=\"elementor-icon-list-item\">\n\t\t\t\t\t\t\t\t\t\t\t<a href=\"https:\/\/www.linkedin.com\/in\/estefan%C3%ADa-garc%C3%ADa-s%C3%A1nchez-904b621a0\/\" target=\"_blank\">\n\n\t\t\t\t\t\t\t\t\t\t\t\t<span class=\"elementor-icon-list-icon\">\n\t\t\t\t\t\t\t<i aria-hidden=\"true\" class=\"fab fa-linkedin-in\"><\/i>\t\t\t\t\t\t<\/span>\n\t\t\t\t\t\t\t\t\t\t<span class=\"elementor-icon-list-text\"><\/span>\n\t\t\t\t\t\t\t\t\t\t\t<\/a>\n\t\t\t\t\t\t\t\t\t<\/li>\n\t\t\t\t\t\t<\/ul>\n\t\t\t\t\t\t<\/div>\n\t\t\t\t<\/div>\n\t\t\t\t\t<\/div>\n\t\t<\/div>\n\t\t\t\t\t<\/div>\n\t\t<\/section>\n\t\t\t\t<section class=\"elementor-section elementor-top-section elementor-element elementor-element-3c20197 elementor-section-content-middle elementor-section-stretched elementor-section-boxed elementor-section-height-default elementor-section-height-default\" data-id=\"3c20197\" data-element_type=\"section\" data-e-type=\"section\" data-settings=\"{&quot;stretch_section&quot;:&quot;section-stretched&quot;}\">\n\t\t\t\t\t\t<div class=\"elementor-container elementor-column-gap-no\">\n\t\t\t\t\t<div class=\"elementor-column elementor-col-100 elementor-top-column elementor-element elementor-element-0463e54\" data-id=\"0463e54\" data-element_type=\"column\" data-e-type=\"column\">\n\t\t\t<div class=\"elementor-widget-wrap elementor-element-populated\">\n\t\t\t\t\t\t<div class=\"elementor-element elementor-element-8b3c688 elementor-widget elementor-widget-text-editor\" data-id=\"8b3c688\" data-element_type=\"widget\" data-e-type=\"widget\" data-widget_type=\"text-editor.default\">\n\t\t\t\t<div class=\"elementor-widget-container\">\n\t\t\t\t\t\t\t\t\t<p>Publications<\/p>\t\t\t\t\t\t\t\t<\/div>\n\t\t\t\t<\/div>\n\t\t\t\t<div class=\"elementor-element elementor-element-d4a6635 elementor-widget-divider--view-line elementor-widget elementor-widget-divider\" data-id=\"d4a6635\" data-element_type=\"widget\" data-e-type=\"widget\" data-widget_type=\"divider.default\">\n\t\t\t\t<div class=\"elementor-widget-container\">\n\t\t\t\t\t\t\t<div class=\"elementor-divider\">\n\t\t\t<span class=\"elementor-divider-separator\">\n\t\t\t\t\t\t<\/span>\n\t\t<\/div>\n\t\t\t\t\t\t<\/div>\n\t\t\t\t<\/div>\n\t\t\t\t<div class=\"elementor-element elementor-element-ae14bcc elementor-widget__width-initial elementor-widget elementor-widget-text-editor\" data-id=\"ae14bcc\" data-element_type=\"widget\" data-e-type=\"widget\" data-widget_type=\"text-editor.default\">\n\t\t\t\t<div class=\"elementor-widget-container\">\n\t\t\t\t\t\t\t\t\t<p><span style=\"color: #000000;\"><a style=\"color: #000000;\" href=\"https:\/\/seegman.com\/en\/preparation-of-annual-accounts-obligations-and-responsibilities-of-directors-under-the-lsc\/\">Preparation of annual accounts: obligations and responsibilities of directors under the LSC<\/a><\/span><\/p>\t\t\t\t\t\t\t\t<\/div>\n\t\t\t\t<\/div>\n\t\t\t\t\t<\/div>\n\t\t<\/div>\n\t\t\t\t\t<\/div>\n\t\t<\/section>\n\t\t\t\t<section class=\"elementor-section elementor-top-section elementor-element elementor-element-7dd0f30a elementor-section-content-middle elementor-section-stretched elementor-section-boxed elementor-section-height-default elementor-section-height-default\" data-id=\"7dd0f30a\" data-element_type=\"section\" data-e-type=\"section\" data-settings=\"{&quot;background_background&quot;:&quot;classic&quot;,&quot;stretch_section&quot;:&quot;section-stretched&quot;}\">\n\t\t\t\t\t\t\t<div class=\"elementor-background-overlay\"><\/div>\n\t\t\t\t\t\t\t<div class=\"elementor-container elementor-column-gap-no\">\n\t\t\t\t\t<div class=\"elementor-column elementor-col-100 elementor-top-column elementor-element elementor-element-70763df3\" data-id=\"70763df3\" data-element_type=\"column\" data-e-type=\"column\" data-settings=\"{&quot;background_background&quot;:&quot;classic&quot;}\">\n\t\t\t<div class=\"elementor-widget-wrap elementor-element-populated\">\n\t\t\t\t\t\t<div class=\"elementor-element elementor-element-7d9a5d3a elementor-align-center elementor-widget elementor-widget-button\" data-id=\"7d9a5d3a\" data-element_type=\"widget\" data-e-type=\"widget\" data-widget_type=\"button.default\">\n\t\t\t\t<div class=\"elementor-widget-container\">\n\t\t\t\t\t\t\t\t\t<div class=\"elementor-button-wrapper\">\n\t\t\t\t\t<a class=\"elementor-button elementor-button-link elementor-size-sm\" href=\"\/en\/our-team\/\">\n\t\t\t\t\t\t<span class=\"elementor-button-content-wrapper\">\n\t\t\t\t\t\t<span class=\"elementor-button-icon\">\n\t\t\t\t<i aria-hidden=\"true\" class=\"fas fa-angle-left\"><\/i>\t\t\t<\/span>\n\t\t\t\t\t\t\t\t\t<span class=\"elementor-button-text\">TEAM<\/span>\n\t\t\t\t\t<\/span>\n\t\t\t\t\t<\/a>\n\t\t\t\t<\/div>\n\t\t\t\t\t\t\t\t<\/div>\n\t\t\t\t<\/div>\n\t\t\t\t\t<\/div>\n\t\t<\/div>\n\t\t\t\t\t<\/div>\n\t\t<\/section>\n\t\t\t\t<\/div>\n\t\t","protected":false},"excerpt":{"rendered":"<p>Estefan\u00eda Garc\u00eda S\u00e1nchez SENIOR LAWYER PROFILE Estefan\u00eda is a senior lawyer in Seegman\u2019s Corporate Governance team, specializing in comprehensive legal advice on corporate governance, with a particular focus on foreign companies operating in Spain. She also has extensive experience in the establishment and purchase of investment vehicle companies. Throughout her professional career, she has led, [&hellip;]<\/p>\n","protected":false},"author":2,"featured_media":0,"parent":2608,"menu_order":9,"comment_status":"closed","ping_status":"closed","template":"elementor_header_footer","meta":{"footnotes":""},"class_list":["post-9420","page","type-page","status-publish","hentry"],"yoast_head":"<!-- This site is optimized with the Yoast SEO plugin v27.4 - https:\/\/yoast.com\/product\/yoast-seo-wordpress\/ -->\n<title>Estefan\u00eda Garc\u00eda S\u00e1nchez<\/title>\n<meta name=\"description\" content=\"Estefan\u00eda holds a Law degree from the San Pablo CEU University and is admitted to the Madrid Bar Association, specialising in the practice area of corporate law.\" \/>\n<meta name=\"robots\" content=\"index, follow, max-snippet:-1, max-image-preview:large, max-video-preview:-1\" \/>\n<link rel=\"canonical\" href=\"https:\/\/seegman.com\/en\/our-team\/estefania-garcia-sanchez\/\" \/>\n<meta property=\"og:locale\" content=\"en_US\" \/>\n<meta property=\"og:type\" content=\"article\" \/>\n<meta property=\"og:title\" content=\"Estefan\u00eda Garc\u00eda S\u00e1nchez\" \/>\n<meta property=\"og:description\" content=\"Estefan\u00eda holds a Law degree from the San Pablo CEU University and is admitted to the Madrid Bar Association, specialising in the practice area of corporate law.\" \/>\n<meta property=\"og:url\" content=\"https:\/\/seegman.com\/en\/our-team\/estefania-garcia-sanchez\/\" \/>\n<meta property=\"og:site_name\" content=\"Seegman\" \/>\n<meta property=\"article:modified_time\" content=\"2026-03-24T12:37:15+00:00\" \/>\n<meta property=\"og:image\" content=\"https:\/\/seegman.com\/wp-content\/uploads\/2025\/01\/Estefania_garcia_int.jpg\" \/>\n\t<meta property=\"og:image:width\" content=\"1100\" \/>\n\t<meta property=\"og:image:height\" content=\"650\" \/>\n\t<meta property=\"og:image:type\" content=\"image\/jpeg\" \/>\n<meta name=\"twitter:card\" content=\"summary_large_image\" \/>\n<meta name=\"twitter:label1\" content=\"Est. reading time\" \/>\n\t<meta name=\"twitter:data1\" content=\"1 minute\" \/>\n<script type=\"application\/ld+json\" class=\"yoast-schema-graph\">{\"@context\":\"https:\\\/\\\/schema.org\",\"@graph\":[{\"@type\":[\"WebPage\",\"ProfilePage\"],\"@id\":\"https:\\\/\\\/seegman.com\\\/en\\\/our-team\\\/estefania-garcia-sanchez\\\/\",\"url\":\"https:\\\/\\\/seegman.com\\\/en\\\/our-team\\\/estefania-garcia-sanchez\\\/\",\"name\":\"Estefan\u00eda Garc\u00eda S\u00e1nchez\",\"isPartOf\":{\"@id\":\"https:\\\/\\\/seegman.com\\\/en\\\/#website\"},\"primaryImageOfPage\":{\"@id\":\"https:\\\/\\\/seegman.com\\\/en\\\/our-team\\\/estefania-garcia-sanchez\\\/#primaryimage\"},\"image\":{\"@id\":\"https:\\\/\\\/seegman.com\\\/en\\\/our-team\\\/estefania-garcia-sanchez\\\/#primaryimage\"},\"thumbnailUrl\":\"https:\\\/\\\/seegman.com\\\/wp-content\\\/uploads\\\/2025\\\/01\\\/Estefania_garcia_int.jpg\",\"datePublished\":\"2023-11-16T13:56:17+00:00\",\"dateModified\":\"2026-03-24T12:37:15+00:00\",\"description\":\"Estefan\u00eda holds a Law degree from the San Pablo CEU University and is admitted to the Madrid Bar Association, specialising in the practice area of corporate law.\",\"breadcrumb\":{\"@id\":\"https:\\\/\\\/seegman.com\\\/en\\\/our-team\\\/estefania-garcia-sanchez\\\/#breadcrumb\"},\"inLanguage\":\"en-US\",\"potentialAction\":[{\"@type\":\"ReadAction\",\"target\":[\"https:\\\/\\\/seegman.com\\\/en\\\/our-team\\\/estefania-garcia-sanchez\\\/\"]}]},{\"@type\":\"ImageObject\",\"inLanguage\":\"en-US\",\"@id\":\"https:\\\/\\\/seegman.com\\\/en\\\/our-team\\\/estefania-garcia-sanchez\\\/#primaryimage\",\"url\":\"https:\\\/\\\/seegman.com\\\/wp-content\\\/uploads\\\/2025\\\/01\\\/Estefania_garcia_int.jpg\",\"contentUrl\":\"https:\\\/\\\/seegman.com\\\/wp-content\\\/uploads\\\/2025\\\/01\\\/Estefania_garcia_int.jpg\"},{\"@type\":\"BreadcrumbList\",\"@id\":\"https:\\\/\\\/seegman.com\\\/en\\\/our-team\\\/estefania-garcia-sanchez\\\/#breadcrumb\",\"itemListElement\":[{\"@type\":\"ListItem\",\"position\":1,\"name\":\"Home\",\"item\":\"https:\\\/\\\/seegman.com\\\/en\\\/\"},{\"@type\":\"ListItem\",\"position\":2,\"name\":\"TEAM\",\"item\":\"https:\\\/\\\/seegman.com\\\/en\\\/equipo\\\/\"},{\"@type\":\"ListItem\",\"position\":3,\"name\":\"Estefan\u00eda Garc\u00eda S\u00e1nchez\"}]},{\"@type\":\"WebSite\",\"@id\":\"https:\\\/\\\/seegman.com\\\/en\\\/#website\",\"url\":\"https:\\\/\\\/seegman.com\\\/en\\\/\",\"name\":\"Seegman\",\"description\":\"Servicios jur\u00eddicos de calidad para una inversi\u00f3n exigente.\",\"publisher\":{\"@id\":\"https:\\\/\\\/seegman.com\\\/en\\\/#organization\"},\"potentialAction\":[{\"@type\":\"SearchAction\",\"target\":{\"@type\":\"EntryPoint\",\"urlTemplate\":\"https:\\\/\\\/seegman.com\\\/en\\\/?s={search_term_string}\"},\"query-input\":{\"@type\":\"PropertyValueSpecification\",\"valueRequired\":true,\"valueName\":\"search_term_string\"}}],\"inLanguage\":\"en-US\"},{\"@type\":\"Organization\",\"@id\":\"https:\\\/\\\/seegman.com\\\/en\\\/#organization\",\"name\":\"Seegman\",\"url\":\"https:\\\/\\\/seegman.com\\\/en\\\/\",\"logo\":{\"@type\":\"ImageObject\",\"inLanguage\":\"en-US\",\"@id\":\"https:\\\/\\\/seegman.com\\\/en\\\/#\\\/schema\\\/logo\\\/image\\\/\",\"url\":\"https:\\\/\\\/seegman.com\\\/wp-content\\\/uploads\\\/2020\\\/05\\\/logo_seegman_white.png\",\"contentUrl\":\"https:\\\/\\\/seegman.com\\\/wp-content\\\/uploads\\\/2020\\\/05\\\/logo_seegman_white.png\",\"width\":600,\"height\":112,\"caption\":\"Seegman\"},\"image\":{\"@id\":\"https:\\\/\\\/seegman.com\\\/en\\\/#\\\/schema\\\/logo\\\/image\\\/\"},\"mainEntityOfPage\":{\"@id\":\"https:\\\/\\\/seegman.com\\\/en\\\/our-team\\\/estefania-garcia-sanchez\\\/\"}}]}<\/script>\n<!-- \/ Yoast SEO plugin. -->","yoast_head_json":{"title":"Estefan\u00eda Garc\u00eda S\u00e1nchez","description":"Estefan\u00eda holds a Law degree from the San Pablo CEU University and is admitted to the Madrid Bar Association, specialising in the practice area of corporate law.","robots":{"index":"index","follow":"follow","max-snippet":"max-snippet:-1","max-image-preview":"max-image-preview:large","max-video-preview":"max-video-preview:-1"},"canonical":"https:\/\/seegman.com\/en\/our-team\/estefania-garcia-sanchez\/","og_locale":"en_US","og_type":"article","og_title":"Estefan\u00eda Garc\u00eda S\u00e1nchez","og_description":"Estefan\u00eda holds a Law degree from the San Pablo CEU University and is admitted to the Madrid Bar Association, specialising in the practice area of corporate law.","og_url":"https:\/\/seegman.com\/en\/our-team\/estefania-garcia-sanchez\/","og_site_name":"Seegman","article_modified_time":"2026-03-24T12:37:15+00:00","og_image":[{"width":1100,"height":650,"url":"https:\/\/seegman.com\/wp-content\/uploads\/2025\/01\/Estefania_garcia_int.jpg","type":"image\/jpeg"}],"twitter_card":"summary_large_image","twitter_misc":{"Est. reading time":"1 minute"},"schema":{"@context":"https:\/\/schema.org","@graph":[{"@type":["WebPage","ProfilePage"],"@id":"https:\/\/seegman.com\/en\/our-team\/estefania-garcia-sanchez\/","url":"https:\/\/seegman.com\/en\/our-team\/estefania-garcia-sanchez\/","name":"Estefan\u00eda Garc\u00eda S\u00e1nchez","isPartOf":{"@id":"https:\/\/seegman.com\/en\/#website"},"primaryImageOfPage":{"@id":"https:\/\/seegman.com\/en\/our-team\/estefania-garcia-sanchez\/#primaryimage"},"image":{"@id":"https:\/\/seegman.com\/en\/our-team\/estefania-garcia-sanchez\/#primaryimage"},"thumbnailUrl":"https:\/\/seegman.com\/wp-content\/uploads\/2025\/01\/Estefania_garcia_int.jpg","datePublished":"2023-11-16T13:56:17+00:00","dateModified":"2026-03-24T12:37:15+00:00","description":"Estefan\u00eda holds a Law degree from the San Pablo CEU University and is admitted to the Madrid Bar Association, specialising in the practice area of corporate law.","breadcrumb":{"@id":"https:\/\/seegman.com\/en\/our-team\/estefania-garcia-sanchez\/#breadcrumb"},"inLanguage":"en-US","potentialAction":[{"@type":"ReadAction","target":["https:\/\/seegman.com\/en\/our-team\/estefania-garcia-sanchez\/"]}]},{"@type":"ImageObject","inLanguage":"en-US","@id":"https:\/\/seegman.com\/en\/our-team\/estefania-garcia-sanchez\/#primaryimage","url":"https:\/\/seegman.com\/wp-content\/uploads\/2025\/01\/Estefania_garcia_int.jpg","contentUrl":"https:\/\/seegman.com\/wp-content\/uploads\/2025\/01\/Estefania_garcia_int.jpg"},{"@type":"BreadcrumbList","@id":"https:\/\/seegman.com\/en\/our-team\/estefania-garcia-sanchez\/#breadcrumb","itemListElement":[{"@type":"ListItem","position":1,"name":"Home","item":"https:\/\/seegman.com\/en\/"},{"@type":"ListItem","position":2,"name":"TEAM","item":"https:\/\/seegman.com\/en\/equipo\/"},{"@type":"ListItem","position":3,"name":"Estefan\u00eda Garc\u00eda S\u00e1nchez"}]},{"@type":"WebSite","@id":"https:\/\/seegman.com\/en\/#website","url":"https:\/\/seegman.com\/en\/","name":"Seegman","description":"Servicios jur\u00eddicos de calidad para una inversi\u00f3n exigente.","publisher":{"@id":"https:\/\/seegman.com\/en\/#organization"},"potentialAction":[{"@type":"SearchAction","target":{"@type":"EntryPoint","urlTemplate":"https:\/\/seegman.com\/en\/?s={search_term_string}"},"query-input":{"@type":"PropertyValueSpecification","valueRequired":true,"valueName":"search_term_string"}}],"inLanguage":"en-US"},{"@type":"Organization","@id":"https:\/\/seegman.com\/en\/#organization","name":"Seegman","url":"https:\/\/seegman.com\/en\/","logo":{"@type":"ImageObject","inLanguage":"en-US","@id":"https:\/\/seegman.com\/en\/#\/schema\/logo\/image\/","url":"https:\/\/seegman.com\/wp-content\/uploads\/2020\/05\/logo_seegman_white.png","contentUrl":"https:\/\/seegman.com\/wp-content\/uploads\/2020\/05\/logo_seegman_white.png","width":600,"height":112,"caption":"Seegman"},"image":{"@id":"https:\/\/seegman.com\/en\/#\/schema\/logo\/image\/"},"mainEntityOfPage":{"@id":"https:\/\/seegman.com\/en\/our-team\/estefania-garcia-sanchez\/"}}]}},"_links":{"self":[{"href":"https:\/\/seegman.com\/en\/wp-json\/wp\/v2\/pages\/9420","targetHints":{"allow":["GET"]}}],"collection":[{"href":"https:\/\/seegman.com\/en\/wp-json\/wp\/v2\/pages"}],"about":[{"href":"https:\/\/seegman.com\/en\/wp-json\/wp\/v2\/types\/page"}],"author":[{"embeddable":true,"href":"https:\/\/seegman.com\/en\/wp-json\/wp\/v2\/users\/2"}],"replies":[{"embeddable":true,"href":"https:\/\/seegman.com\/en\/wp-json\/wp\/v2\/comments?post=9420"}],"version-history":[{"count":41,"href":"https:\/\/seegman.com\/en\/wp-json\/wp\/v2\/pages\/9420\/revisions"}],"predecessor-version":[{"id":18714,"href":"https:\/\/seegman.com\/en\/wp-json\/wp\/v2\/pages\/9420\/revisions\/18714"}],"up":[{"embeddable":true,"href":"https:\/\/seegman.com\/en\/wp-json\/wp\/v2\/pages\/2608"}],"wp:attachment":[{"href":"https:\/\/seegman.com\/en\/wp-json\/wp\/v2\/media?parent=9420"}],"curies":[{"name":"wp","href":"https:\/\/api.w.org\/{rel}","templated":true}]}}